{"id":25,"date":"2019-08-15T03:34:05","date_gmt":"2019-08-15T01:34:05","guid":{"rendered":"http:\/\/asielec.com.gt\/site\/?page_id=25"},"modified":"2024-12-27T12:47:34","modified_gmt":"2024-12-27T11:47:34","slug":"quienes-somos","status":"publish","type":"page","link":"https:\/\/asielec.com.gt\/?page_id=25","title":{"rendered":"Quienes Somos"},"content":{"rendered":"<p>Desde <strong>2006<\/strong>, <strong>ASIELEC, S.A.<\/strong> ha sido destacada en la asesor\u00eda, venta, instalaci\u00f3n y mantenimiento de soluciones de protecci\u00f3n y respaldo el\u00e9ctrico. La empresa ha establecido una presencia significativa, ofreciendo una red de servicio postventa que asegura el mantenimiento y la operaci\u00f3n eficiente de sus sistemas instalados.<\/p>\n<p>A lo largo de los a\u00f1os, hemos visto c\u00f3mo las tecnolog\u00edas de la informaci\u00f3n se han integrado en todos los aspectos de nuestras vidas, haci\u00e9ndose indispensable una protecci\u00f3n el\u00e9ctrica robusta. Las fallas en el servicio el\u00e9ctrico pueden causar da\u00f1os en equipos hasta p\u00e9rdidas de informaci\u00f3n crucial, impactando financieramente a empresas y particulares por igual.<\/p>\n<p><strong>ASIELEC<\/strong> aborda las necesidades del sector dom\u00e9stico, peque\u00f1as y medianas empresas, centros de datos y grandes corporaciones con soluciones que lideran el mercado en t\u00e9rminos de rendimiento y sostenibilidad.<\/p>\n<p>La calidad sigue siendo un aspecto cr\u00edtico para nosotros, por lo que nos esforzamos por asegurar que todos nuestros productos no solo cumplan, sino que superen las normativas de seguridad y calidad m\u00e1s rigurosas a nivel mundial, incluyendo certificaciones <strong>IEC<\/strong>, <strong>IEEE<\/strong>, <strong>CE<\/strong>, <strong>UL<\/strong>, <strong>RoHS<\/strong>, <strong>ISO<\/strong>, entre otras.<\/p>\n<p>&nbsp;<\/p>\n<h3><strong>Misi\u00f3n<\/strong><\/h3>\n<p>Brindar soluciones eficientes y de la m\u00e1s alta calidad a nuestros socios comerciales, aportando conocimientos, materiales y equipos con tecnolog\u00eda de punta.<\/p>\n<p>&nbsp;<\/p>\n<h3><strong>Visi\u00f3n<\/strong><\/h3>\n<p>Ser proveedor l\u00edder a nivel nacional de equipos para protecci\u00f3n el\u00e9ctrica y servicios el\u00e9ctricos para la industria, integrando equipo humano y equipos de la m\u00e1s alta calidad para el desarrollo de proyectos innovadores.<\/p>\n","protected":false},"excerpt":{"rendered":"<p>Desde 2006, ASIELEC, S.A. ha sido destacada en la asesor\u00eda, venta, instalaci\u00f3n y mantenimiento de soluciones de protecci\u00f3n y respaldo el\u00e9ctrico. La empresa ha establecido una presencia significativa, ofreciendo una red de servicio postventa que asegura el mantenimiento y la operaci\u00f3n eficiente de sus sistemas instalados. A lo largo de los a\u00f1os, hemos visto c\u00f3mo [&hellip;]<\/p>\n","protected":false},"author":1,"featured_media":0,"parent":0,"menu_order":0,"comment_status":"closed","ping_status":"closed","template":"","meta":{"_joinchat":[],"footnotes":""},"class_list":["post-25","page","type-page","status-publish","hentry"],"acf":[],"_links":{"self":[{"href":"https:\/\/asielec.com.gt\/index.php?rest_route=\/wp\/v2\/pages\/25","targetHints":{"allow":["GET"]}}],"collection":[{"href":"https:\/\/asielec.com.gt\/index.php?rest_route=\/wp\/v2\/pages"}],"about":[{"href":"https:\/\/asielec.com.gt\/index.php?rest_route=\/wp\/v2\/types\/page"}],"author":[{"embeddable":true,"href":"https:\/\/asielec.com.gt\/index.php?rest_route=\/wp\/v2\/users\/1"}],"replies":[{"embeddable":true,"href":"https:\/\/asielec.com.gt\/index.php?rest_route=%2Fwp%2Fv2%2Fcomments&post=25"}],"version-history":[{"count":7,"href":"https:\/\/asielec.com.gt\/index.php?rest_route=\/wp\/v2\/pages\/25\/revisions"}],"predecessor-version":[{"id":379,"href":"https:\/\/asielec.com.gt\/index.php?rest_route=\/wp\/v2\/pages\/25\/revisions\/379"}],"wp:attachment":[{"href":"https:\/\/asielec.com.gt\/index.php?rest_route=%2Fwp%2Fv2%2Fmedia&parent=25"}],"curies":[{"name":"wp","href":"https:\/\/api.w.org\/{rel}","templated":true}]}}