{"id":381,"date":"2024-12-30T17:16:12","date_gmt":"2024-12-30T16:16:12","guid":{"rendered":"https:\/\/asielec.com.gt\/newsite\/?post_type=product&#038;p=381"},"modified":"2025-01-10T19:22:02","modified_gmt":"2025-01-10T18:22:02","slug":"baterias-cdp","status":"publish","type":"product","link":"https:\/\/asielec.com.gt\/?product=baterias-cdp","title":{"rendered":"Bater\u00edas CDP"},"content":{"rendered":"<p>Una bater\u00eda es un dispositivo que consta de una o m\u00e1s celdas electroqu\u00edmicas con conexiones externas para alimentar dispositivos el\u00e9ctricos. Usando diferentes materiales y qu\u00edmicos de \u00e1nodos y c\u00e1todos, la energ\u00eda de CC se almacena para ser utilizada como energ\u00eda de emergencia.<\/p>\n<p>Chicago Digital Power ha desarrollado una variante de tecnolog\u00eda basada en plomo para una bater\u00eda de almacenamiento de energ\u00eda econ\u00f3mica a partir de \u00e1cido de plomo h\u00famedo, gel, placas de plomo con infusi\u00f3n de carbono y bater\u00edas de litio que proporcionan energ\u00eda confiable a las cargas.<\/p>\n<p><img loading=\"lazy\" decoding=\"async\" class=\"aligncenter  wp-image-387\" src=\"https:\/\/asielec.com.gt\/newsite\/wp-content\/uploads\/2024\/12\/image1.png\" alt=\"\" width=\"526\" height=\"290\" srcset=\"https:\/\/asielec.com.gt\/wp-content\/uploads\/2024\/12\/image1.png 332w, https:\/\/asielec.com.gt\/wp-content\/uploads\/2024\/12\/image1-300x165.png 300w\" sizes=\"auto, (max-width: 526px) 100vw, 526px\" \/><\/p>\n","protected":false},"excerpt":{"rendered":"<p>Una bater\u00eda es un dispositivo que consta de una o m\u00e1s celdas electroqu\u00edmicas con conexiones externas para alimentar dispositivos el\u00e9ctricos. Usando diferentes materiales y qu\u00edmicos de \u00e1nodos y c\u00e1todos, la energ\u00eda de CC se almacena para ser utilizada como energ\u00eda de emergencia. Chicago Digital Power ha desarrollado una variante de tecnolog\u00eda basada en plomo para [&hellip;]<\/p>\n","protected":false},"featured_media":384,"comment_status":"open","ping_status":"closed","template":"","meta":{"_joinchat":[]},"product_cat":[41,40],"product_tag":[],"class_list":{"0":"post-381","1":"product","2":"type-product","3":"status-publish","4":"has-post-thumbnail","6":"product_cat-baterias-cdp","7":"product_cat-baterias-para-ups","9":"first","10":"instock","11":"shipping-taxable","12":"product-type-simple"},"acf":[],"_links":{"self":[{"href":"https:\/\/asielec.com.gt\/index.php?rest_route=\/wp\/v2\/product\/381","targetHints":{"allow":["GET"]}}],"collection":[{"href":"https:\/\/asielec.com.gt\/index.php?rest_route=\/wp\/v2\/product"}],"about":[{"href":"https:\/\/asielec.com.gt\/index.php?rest_route=\/wp\/v2\/types\/product"}],"replies":[{"embeddable":true,"href":"https:\/\/asielec.com.gt\/index.php?rest_route=%2Fwp%2Fv2%2Fcomments&post=381"}],"wp:featuredmedia":[{"embeddable":true,"href":"https:\/\/asielec.com.gt\/index.php?rest_route=\/wp\/v2\/media\/384"}],"wp:attachment":[{"href":"https:\/\/asielec.com.gt\/index.php?rest_route=%2Fwp%2Fv2%2Fmedia&parent=381"}],"wp:term":[{"taxonomy":"product_cat","embeddable":true,"href":"https:\/\/asielec.com.gt\/index.php?rest_route=%2Fwp%2Fv2%2Fproduct_cat&post=381"},{"taxonomy":"product_tag","embeddable":true,"href":"https:\/\/asielec.com.gt\/index.php?rest_route=%2Fwp%2Fv2%2Fproduct_tag&post=381"}],"curies":[{"name":"wp","href":"https:\/\/api.w.org\/{rel}","templated":true}]}}