{"id":388,"date":"2024-12-30T17:43:23","date_gmt":"2024-12-30T16:43:23","guid":{"rendered":"https:\/\/asielec.com.gt\/newsite\/?post_type=product&#038;p=388"},"modified":"2025-01-10T19:21:49","modified_gmt":"2025-01-10T18:21:49","slug":"baterias-industriales-cdp","status":"publish","type":"product","link":"https:\/\/asielec.com.gt\/?product=baterias-industriales-cdp","title":{"rendered":"Bater\u00edas Industriales CDP"},"content":{"rendered":"<p>Series NLB 12\/100AH FT (1200-vatios hora) \/ NLB 12\/150AH FT 1800 vatios hora) \/ NLB 12\/200AH FT (2400 vatios hora)<\/p>\n<p>Sellado libre de mantenimiento, bater\u00eda de plomo-\u00e1cido de terminal frontal de nano plomo libre en 12 VCC 100Ah \/ 150 Ah \/ 200 Ah dise\u00f1ada para almacenamiento de energ\u00eda solar y sistemas ESS para aplicaciones de inversor. Dise\u00f1ado para ciclos diarios de carga \/ descarga con una recarga m\u00e1s r\u00e1pida y una vida \u00fatil estimada de 1800 ciclos con un 80% de DOD con una temperatura ambiente de 20 a 30 \u00b0 C.<\/p>\n<p>&nbsp;<\/p>\n<p><img loading=\"lazy\" decoding=\"async\" class=\"aligncenter size-full wp-image-389\" src=\"https:\/\/asielec.com.gt\/newsite\/wp-content\/uploads\/2024\/12\/image6.png\" alt=\"\" width=\"352\" height=\"83\" srcset=\"https:\/\/asielec.com.gt\/wp-content\/uploads\/2024\/12\/image6.png 352w, https:\/\/asielec.com.gt\/wp-content\/uploads\/2024\/12\/image6-300x71.png 300w\" sizes=\"auto, (max-width: 352px) 100vw, 352px\" \/><\/p>\n","protected":false},"excerpt":{"rendered":"<p>Series NLB 12\/100AH FT (1200-vatios hora) \/ NLB 12\/150AH FT 1800 vatios hora) \/ NLB 12\/200AH FT (2400 vatios hora) Sellado libre de mantenimiento, bater\u00eda de plomo-\u00e1cido de terminal frontal de nano plomo libre en 12 VCC 100Ah \/ 150 Ah \/ 200 Ah dise\u00f1ada para almacenamiento de energ\u00eda solar y sistemas ESS para aplicaciones [&hellip;]<\/p>\n","protected":false},"featured_media":390,"comment_status":"open","ping_status":"closed","template":"","meta":{"_joinchat":[]},"product_cat":[41,40],"product_tag":[],"class_list":{"0":"post-388","1":"product","2":"type-product","3":"status-publish","4":"has-post-thumbnail","6":"product_cat-baterias-cdp","7":"product_cat-baterias-para-ups","9":"first","10":"instock","11":"shipping-taxable","12":"product-type-simple"},"acf":[],"_links":{"self":[{"href":"https:\/\/asielec.com.gt\/index.php?rest_route=\/wp\/v2\/product\/388","targetHints":{"allow":["GET"]}}],"collection":[{"href":"https:\/\/asielec.com.gt\/index.php?rest_route=\/wp\/v2\/product"}],"about":[{"href":"https:\/\/asielec.com.gt\/index.php?rest_route=\/wp\/v2\/types\/product"}],"replies":[{"embeddable":true,"href":"https:\/\/asielec.com.gt\/index.php?rest_route=%2Fwp%2Fv2%2Fcomments&post=388"}],"wp:featuredmedia":[{"embeddable":true,"href":"https:\/\/asielec.com.gt\/index.php?rest_route=\/wp\/v2\/media\/390"}],"wp:attachment":[{"href":"https:\/\/asielec.com.gt\/index.php?rest_route=%2Fwp%2Fv2%2Fmedia&parent=388"}],"wp:term":[{"taxonomy":"product_cat","embeddable":true,"href":"https:\/\/asielec.com.gt\/index.php?rest_route=%2Fwp%2Fv2%2Fproduct_cat&post=388"},{"taxonomy":"product_tag","embeddable":true,"href":"https:\/\/asielec.com.gt\/index.php?rest_route=%2Fwp%2Fv2%2Fproduct_tag&post=388"}],"curies":[{"name":"wp","href":"https:\/\/api.w.org\/{rel}","templated":true}]}}