{"id":391,"date":"2024-12-30T17:49:51","date_gmt":"2024-12-30T16:49:51","guid":{"rendered":"https:\/\/asielec.com.gt\/newsite\/?post_type=product&#038;p=391"},"modified":"2025-01-10T19:21:25","modified_gmt":"2025-01-10T18:21:25","slug":"baterias-industriales-narada","status":"publish","type":"product","link":"https:\/\/asielec.com.gt\/?product=baterias-industriales-narada","title":{"rendered":"Baterias Industriales NARADA"},"content":{"rendered":"<p>Bater\u00edas de plomo \u00e1cido reguladas por v\u00e1lvula AGM;<\/p>\n<ul>\n<li>Tecnolog\u00eda patentada de estructura de bater\u00eda, todas las bater\u00edas se colocan horizontalmente;<\/li>\n<li>En comparaci\u00f3n con las bater\u00edas tradicionales, la ciclabilidad mejora de 3 a 4 veces;<\/li>\n<li>Dise\u00f1o frontal adecuado a los gabinetes de 19\\\\\\\\\\\\\\\u00bb21\\\\\\\\\\\\\\\u00bb;<\/li>\n<li>F\u00e1cil entrada de cables, no requiere espacio adicional;<\/li>\n<li>Conector con cubierta aislante integrada;<\/li>\n<li>V\u00e1lvula de alivio de presi\u00f3n de ajuste autom\u00e1tico con apagallamas;<\/li>\n<li>Carcasa de ABS ign\u00edfugo (UL94 V-0, opcional);<\/li>\n<li>Kit de escape de gas H2 centralizado;<\/li>\n<li>Cumplimiento de las normas IEC, IEEE, UL, EN, CE.<\/li>\n<\/ul>\n<p>&nbsp;<\/p>\n<p>&nbsp;<\/p>\n<p><img loading=\"lazy\" decoding=\"async\" class=\"aligncenter size-full wp-image-393\" src=\"https:\/\/asielec.com.gt\/newsite\/wp-content\/uploads\/2024\/12\/image1.jpg\" alt=\"\" width=\"601\" height=\"131\" srcset=\"https:\/\/asielec.com.gt\/wp-content\/uploads\/2024\/12\/image1.jpg 601w, https:\/\/asielec.com.gt\/wp-content\/uploads\/2024\/12\/image1-300x65.jpg 300w\" sizes=\"auto, (max-width: 601px) 100vw, 601px\" \/><\/p>\n","protected":false},"excerpt":{"rendered":"<p>Bater\u00edas de plomo \u00e1cido reguladas por v\u00e1lvula AGM; Tecnolog\u00eda patentada de estructura de bater\u00eda, todas las bater\u00edas se colocan horizontalmente; En comparaci\u00f3n con las bater\u00edas tradicionales, la ciclabilidad mejora de 3 a 4 veces; Dise\u00f1o frontal adecuado a los gabinetes de 19\\\\\\\\\\\\\\\u00bb21\\\\\\\\\\\\\\\u00bb; F\u00e1cil entrada de cables, no requiere espacio adicional; Conector con cubierta aislante integrada; [&hellip;]<\/p>\n","protected":false},"featured_media":392,"comment_status":"open","ping_status":"closed","template":"","meta":{"_joinchat":[]},"product_cat":[42,40],"product_tag":[],"class_list":{"0":"post-391","1":"product","2":"type-product","3":"status-publish","4":"has-post-thumbnail","6":"product_cat-baterias-narada","7":"product_cat-baterias-para-ups","9":"first","10":"instock","11":"shipping-taxable","12":"product-type-simple"},"acf":[],"_links":{"self":[{"href":"https:\/\/asielec.com.gt\/index.php?rest_route=\/wp\/v2\/product\/391","targetHints":{"allow":["GET"]}}],"collection":[{"href":"https:\/\/asielec.com.gt\/index.php?rest_route=\/wp\/v2\/product"}],"about":[{"href":"https:\/\/asielec.com.gt\/index.php?rest_route=\/wp\/v2\/types\/product"}],"replies":[{"embeddable":true,"href":"https:\/\/asielec.com.gt\/index.php?rest_route=%2Fwp%2Fv2%2Fcomments&post=391"}],"wp:featuredmedia":[{"embeddable":true,"href":"https:\/\/asielec.com.gt\/index.php?rest_route=\/wp\/v2\/media\/392"}],"wp:attachment":[{"href":"https:\/\/asielec.com.gt\/index.php?rest_route=%2Fwp%2Fv2%2Fmedia&parent=391"}],"wp:term":[{"taxonomy":"product_cat","embeddable":true,"href":"https:\/\/asielec.com.gt\/index.php?rest_route=%2Fwp%2Fv2%2Fproduct_cat&post=391"},{"taxonomy":"product_tag","embeddable":true,"href":"https:\/\/asielec.com.gt\/index.php?rest_route=%2Fwp%2Fv2%2Fproduct_tag&post=391"}],"curies":[{"name":"wp","href":"https:\/\/api.w.org\/{rel}","templated":true}]}}