{"id":394,"date":"2024-12-30T17:53:55","date_gmt":"2024-12-30T16:53:55","guid":{"rendered":"https:\/\/asielec.com.gt\/newsite\/?post_type=product&#038;p=394"},"modified":"2025-01-10T19:21:14","modified_gmt":"2025-01-10T18:21:14","slug":"baterias-para-ups-power-sonic","status":"publish","type":"product","link":"https:\/\/asielec.com.gt\/?product=baterias-para-ups-power-sonic","title":{"rendered":"Bater\u00edas para UPS Power Sonic"},"content":{"rendered":"<p>Las bater\u00edas de\u00a0<strong>plomo \u00e1cido selladas reguladas por v\u00e1lvula Power-Sonic no requieren mantenimiento, son f\u00e1ciles de manejar, resistentes y econ\u00f3micas<\/strong>. Tiene una caracter\u00edstica de alta tasa de descarga, amplia temperatura de funcionamiento, larga vida \u00fatil y recuperaci\u00f3n de descarga profunda.<\/p>\n<p>&nbsp;<\/p>\n<p><img loading=\"lazy\" decoding=\"async\" class=\"aligncenter size-full wp-image-399\" src=\"https:\/\/asielec.com.gt\/newsite\/wp-content\/uploads\/2024\/12\/image1-1.jpg\" alt=\"\" width=\"393\" height=\"355\" srcset=\"https:\/\/asielec.com.gt\/wp-content\/uploads\/2024\/12\/image1-1.jpg 393w, https:\/\/asielec.com.gt\/wp-content\/uploads\/2024\/12\/image1-1-300x271.jpg 300w\" sizes=\"auto, (max-width: 393px) 100vw, 393px\" \/><\/p>\n","protected":false},"excerpt":{"rendered":"<p>Las bater\u00edas de\u00a0plomo \u00e1cido selladas reguladas por v\u00e1lvula Power-Sonic no requieren mantenimiento, son f\u00e1ciles de manejar, resistentes y econ\u00f3micas. Tiene una caracter\u00edstica de alta tasa de descarga, amplia temperatura de funcionamiento, larga vida \u00fatil y recuperaci\u00f3n de descarga profunda. &nbsp;<\/p>\n","protected":false},"featured_media":395,"comment_status":"open","ping_status":"closed","template":"","meta":{"_joinchat":[]},"product_cat":[40,43],"product_tag":[],"class_list":{"0":"post-394","1":"product","2":"type-product","3":"status-publish","4":"has-post-thumbnail","6":"product_cat-baterias-para-ups","7":"product_cat-baterias-power-sonic","9":"first","10":"instock","11":"shipping-taxable","12":"product-type-simple"},"acf":[],"_links":{"self":[{"href":"https:\/\/asielec.com.gt\/index.php?rest_route=\/wp\/v2\/product\/394","targetHints":{"allow":["GET"]}}],"collection":[{"href":"https:\/\/asielec.com.gt\/index.php?rest_route=\/wp\/v2\/product"}],"about":[{"href":"https:\/\/asielec.com.gt\/index.php?rest_route=\/wp\/v2\/types\/product"}],"replies":[{"embeddable":true,"href":"https:\/\/asielec.com.gt\/index.php?rest_route=%2Fwp%2Fv2%2Fcomments&post=394"}],"wp:featuredmedia":[{"embeddable":true,"href":"https:\/\/asielec.com.gt\/index.php?rest_route=\/wp\/v2\/media\/395"}],"wp:attachment":[{"href":"https:\/\/asielec.com.gt\/index.php?rest_route=%2Fwp%2Fv2%2Fmedia&parent=394"}],"wp:term":[{"taxonomy":"product_cat","embeddable":true,"href":"https:\/\/asielec.com.gt\/index.php?rest_route=%2Fwp%2Fv2%2Fproduct_cat&post=394"},{"taxonomy":"product_tag","embeddable":true,"href":"https:\/\/asielec.com.gt\/index.php?rest_route=%2Fwp%2Fv2%2Fproduct_tag&post=394"}],"curies":[{"name":"wp","href":"https:\/\/api.w.org\/{rel}","templated":true}]}}