{"id":416,"date":"2025-01-04T17:45:25","date_gmt":"2025-01-04T16:45:25","guid":{"rendered":"https:\/\/asielec.com.gt\/newsite\/?post_type=product&#038;p=416"},"modified":"2025-01-04T17:45:25","modified_gmt":"2025-01-04T16:45:25","slug":"serie-plus1l-500n-700n-1000n-2000n","status":"publish","type":"product","link":"https:\/\/asielec.com.gt\/?product=serie-plus1l-500n-700n-1000n-2000n","title":{"rendered":"Serie Plus1L-500N-700N-1000N-2000N"},"content":{"rendered":"<p>El modelo de UPS tipo torre de 500VA a 2000VA con compartimento para bater\u00eda proporciona energ\u00eda de respaldo durante cortes de energ\u00eda y fluctuaciones de voltaje inestables, junto con protecci\u00f3n contra picos y sobretensiones da\u00f1inas para computadoras, routers, m\u00f3dems, dispositivos de almacenamiento externo, consolas de juegos y otros dispositivos electr\u00f3nicos.<\/p>\n","protected":false},"excerpt":{"rendered":"<p>El modelo de UPS tipo torre de 500VA a 2000VA con compartimento para bater\u00eda proporciona energ\u00eda de respaldo durante cortes de energ\u00eda y fluctuaciones de voltaje inestables, junto con protecci\u00f3n contra picos y sobretensiones da\u00f1inas para computadoras, routers, m\u00f3dems, dispositivos de almacenamiento externo, consolas de juegos y otros dispositivos electr\u00f3nicos.<\/p>\n","protected":false},"featured_media":417,"comment_status":"open","ping_status":"closed","template":"","meta":{"_joinchat":[]},"product_cat":[47,45,46],"product_tag":[],"class_list":{"0":"post-416","1":"product","2":"type-product","3":"status-publish","4":"has-post-thumbnail","6":"product_cat-proteccion-domestica-y-oficina","7":"product_cat-ups","8":"product_cat-ups-aplus","10":"first","11":"instock","12":"shipping-taxable","13":"product-type-simple"},"acf":[],"_links":{"self":[{"href":"https:\/\/asielec.com.gt\/index.php?rest_route=\/wp\/v2\/product\/416","targetHints":{"allow":["GET"]}}],"collection":[{"href":"https:\/\/asielec.com.gt\/index.php?rest_route=\/wp\/v2\/product"}],"about":[{"href":"https:\/\/asielec.com.gt\/index.php?rest_route=\/wp\/v2\/types\/product"}],"replies":[{"embeddable":true,"href":"https:\/\/asielec.com.gt\/index.php?rest_route=%2Fwp%2Fv2%2Fcomments&post=416"}],"wp:featuredmedia":[{"embeddable":true,"href":"https:\/\/asielec.com.gt\/index.php?rest_route=\/wp\/v2\/media\/417"}],"wp:attachment":[{"href":"https:\/\/asielec.com.gt\/index.php?rest_route=%2Fwp%2Fv2%2Fmedia&parent=416"}],"wp:term":[{"taxonomy":"product_cat","embeddable":true,"href":"https:\/\/asielec.com.gt\/index.php?rest_route=%2Fwp%2Fv2%2Fproduct_cat&post=416"},{"taxonomy":"product_tag","embeddable":true,"href":"https:\/\/asielec.com.gt\/index.php?rest_route=%2Fwp%2Fv2%2Fproduct_tag&post=416"}],"curies":[{"name":"wp","href":"https:\/\/api.w.org\/{rel}","templated":true}]}}