{"id":431,"date":"2025-01-04T17:51:33","date_gmt":"2025-01-04T16:51:33","guid":{"rendered":"https:\/\/asielec.com.gt\/newsite\/?post_type=product&#038;p=431"},"modified":"2025-01-04T17:51:58","modified_gmt":"2025-01-04T16:51:58","slug":"serie-pluspro-1-torre-hv-1000va-a-3000va-220-vac","status":"publish","type":"product","link":"https:\/\/asielec.com.gt\/?product=serie-pluspro-1-torre-hv-1000va-a-3000va-220-vac","title":{"rendered":"Serie PlusPRO 1 Torre HV 1000VA a 3000VA, 220 VAC"},"content":{"rendered":"<p>La Serie PlusPRO 1 Torre HV de 1000VA a 3000VA es una UPS de doble conversi\u00f3n en l\u00ednea con salida de onda sinusoidal pura y cero tiempo de transferencia en una unidad compacta independiente. Con una configuraci\u00f3n que cubre una gama de capacidades 1000VA a 3000VA, voltaje de entrada de 220 VAC, salida con factor de potencia 0.9, pantalla de cristal l\u00edquido, y un alto rendimiento, hace al modelo de UPS de la serie PlusPRO1 Torre HV 1000VA a 3000VA destacarse como UPS en l\u00ednea de alta eficiencia para equipos con misiones cr\u00edticas y para aplicaciones industriales.<\/p>\n<p>UPS de doble conversi\u00f3n en l\u00ednea de alto rendimiento para capacidades de 1000VA a 3000VA<\/p>\n<ul>\n<li>Controlado por un microprocesador garantiza una alta confiabilidad<\/li>\n<li>Baja disipaci\u00f3n de calor en funcionamiento prolongado<\/li>\n<li>Funci\u00f3n de apagado de emergencia (EPO)<\/li>\n<li>Funci\u00f3n de autodiagn\u00f3stico autom\u00e1tico<\/li>\n<li>Software de administraci\u00f3n de energ\u00eda<\/li>\n<li>Regulaci\u00f3n de voltaje de salida +\/-2%<\/li>\n<li>Modo de alta eficiencia (Modo ECO)<\/li>\n<li>Amplio rango de entrada de voltaje<\/li>\n<li>Control de velocidad de ventilador<\/li>\n<li>Inicio de CC (Corriente Continua)<\/li>\n<li>Factor de potencia de salida 0.9<\/li>\n<li>Comunicaciones Multiples USB<\/li>\n<\/ul>\n","protected":false},"excerpt":{"rendered":"<p>La Serie PlusPRO 1 Torre HV de 1000VA a 3000VA es una UPS de doble conversi\u00f3n en l\u00ednea con salida de onda sinusoidal pura y cero tiempo de transferencia en una unidad compacta independiente. Con una configuraci\u00f3n que cubre una gama de capacidades 1000VA a 3000VA, voltaje de entrada de 220 VAC, salida con factor [&hellip;]<\/p>\n","protected":false},"featured_media":424,"comment_status":"open","ping_status":"closed","template":"","meta":{"_joinchat":[]},"product_cat":[45,46,50],"product_tag":[],"class_list":{"0":"post-431","1":"product","2":"type-product","3":"status-publish","4":"has-post-thumbnail","6":"product_cat-ups","7":"product_cat-ups-aplus","8":"product_cat-ups-para-pymes-comercio-e-industrias","10":"first","11":"instock","12":"shipping-taxable","13":"product-type-simple"},"acf":[],"_links":{"self":[{"href":"https:\/\/asielec.com.gt\/index.php?rest_route=\/wp\/v2\/product\/431","targetHints":{"allow":["GET"]}}],"collection":[{"href":"https:\/\/asielec.com.gt\/index.php?rest_route=\/wp\/v2\/product"}],"about":[{"href":"https:\/\/asielec.com.gt\/index.php?rest_route=\/wp\/v2\/types\/product"}],"replies":[{"embeddable":true,"href":"https:\/\/asielec.com.gt\/index.php?rest_route=%2Fwp%2Fv2%2Fcomments&post=431"}],"wp:featuredmedia":[{"embeddable":true,"href":"https:\/\/asielec.com.gt\/index.php?rest_route=\/wp\/v2\/media\/424"}],"wp:attachment":[{"href":"https:\/\/asielec.com.gt\/index.php?rest_route=%2Fwp%2Fv2%2Fmedia&parent=431"}],"wp:term":[{"taxonomy":"product_cat","embeddable":true,"href":"https:\/\/asielec.com.gt\/index.php?rest_route=%2Fwp%2Fv2%2Fproduct_cat&post=431"},{"taxonomy":"product_tag","embeddable":true,"href":"https:\/\/asielec.com.gt\/index.php?rest_route=%2Fwp%2Fv2%2Fproduct_tag&post=431"}],"curies":[{"name":"wp","href":"https:\/\/api.w.org\/{rel}","templated":true}]}}