{"id":432,"date":"2025-01-04T17:54:39","date_gmt":"2025-01-04T16:54:39","guid":{"rendered":"https:\/\/asielec.com.gt\/newsite\/?post_type=product&#038;p=432"},"modified":"2025-01-04T17:54:39","modified_gmt":"2025-01-04T16:54:39","slug":"ups-modular-serie-pluspro-1","status":"publish","type":"product","link":"https:\/\/asielec.com.gt\/?product=ups-modular-serie-pluspro-1","title":{"rendered":"UPS modular Serie PlusPRO 1"},"content":{"rendered":"<p>La Serie PlusPRO 1 ISO Torre de 6000VA a 10000VA es una UPS de doble conversi\u00f3n en l\u00ednea con salida de onda sinusoidal pura y cero tiempo de transferencia y capacidad mejorada. La UPS principal y transformador de aislamiento la bater\u00eda est\u00e1n en una caja dividida individualmente. Con un dise\u00f1o de tipo dividido, cumple de manera flexible con la demanda, salida de voltaje \u00fanico, salida de doble voltaje la operaci\u00f3n o prolongada. Con una configuraci\u00f3n que cubre una gama de capacidades 6000VA a 10000VA, salida con factor de potencia 0.9, pantalla de cristal l\u00edquido, y un alto rendimiento, y transformador de aislamiento opcional, y banco de bater\u00edas externo opcional hace al modelo de UPS de la serie PlusPRO1 ISO Torre 6000VA a 10000VA destacarse como UPS en l\u00ednea de alta eficiencia para equipos con misiones cr\u00edticas y para aplicaciones industriales en funcionamiento prolongado o durante condiciones adversas.<\/p>\n<p>UPS de doble conversi\u00f3n en l\u00ednea de alto rendimiento para capacidades de 6000VA a 10000VA<\/p>\n<ul>\n<li>Unidad de distribuci\u00f3n de energia (PDU) tipo bloque de terminales para entrada y salida<\/li>\n<li>Banco de bateria externo para extender el tiempo de respaldo (Opcional)<\/li>\n<li>Control de velocidad de ventilador &amp; inicio de CC (Corriente Continua)<\/li>\n<li>Controlado por un microprocesador garantiza una alta confiabilidad<\/li>\n<li>Transformador de aislamiento in split box for dual output voltage<\/li>\n<li>Baja disipaci\u00f3n de calor en funcionamiento prolongado<\/li>\n<li>Funci\u00f3n de apagado de emergencia (EPO)<\/li>\n<li>Funci\u00f3n de autodiagn\u00f3stico autom\u00e1tico<\/li>\n<li>Software de administraci\u00f3n de energ\u00eda<\/li>\n<li>Regulaci\u00f3n de voltaje de salida +\/-2%<\/li>\n<li>Entrada THDi &lt;5% \/ Salida THD &lt;2%<\/li>\n<li>Modo de alta eficiencia (Modo ECO)<\/li>\n<li>Factor de potencia de salida 0.9<\/li>\n<\/ul>\n","protected":false},"excerpt":{"rendered":"<p><strong>ISO Torre 6000VA a 10000VA Integrado con Transformador de Aislamiento, entrada: 208 VAC a 240 VAC, salida: 240 V \/120V.<\/strong><\/p>\n","protected":false},"featured_media":426,"comment_status":"open","ping_status":"closed","template":"","meta":{"_joinchat":[]},"product_cat":[45,46,50],"product_tag":[],"class_list":{"0":"post-432","1":"product","2":"type-product","3":"status-publish","4":"has-post-thumbnail","6":"product_cat-ups","7":"product_cat-ups-aplus","8":"product_cat-ups-para-pymes-comercio-e-industrias","10":"first","11":"instock","12":"shipping-taxable","13":"product-type-simple"},"acf":[],"_links":{"self":[{"href":"https:\/\/asielec.com.gt\/index.php?rest_route=\/wp\/v2\/product\/432","targetHints":{"allow":["GET"]}}],"collection":[{"href":"https:\/\/asielec.com.gt\/index.php?rest_route=\/wp\/v2\/product"}],"about":[{"href":"https:\/\/asielec.com.gt\/index.php?rest_route=\/wp\/v2\/types\/product"}],"replies":[{"embeddable":true,"href":"https:\/\/asielec.com.gt\/index.php?rest_route=%2Fwp%2Fv2%2Fcomments&post=432"}],"wp:featuredmedia":[{"embeddable":true,"href":"https:\/\/asielec.com.gt\/index.php?rest_route=\/wp\/v2\/media\/426"}],"wp:attachment":[{"href":"https:\/\/asielec.com.gt\/index.php?rest_route=%2Fwp%2Fv2%2Fmedia&parent=432"}],"wp:term":[{"taxonomy":"product_cat","embeddable":true,"href":"https:\/\/asielec.com.gt\/index.php?rest_route=%2Fwp%2Fv2%2Fproduct_cat&post=432"},{"taxonomy":"product_tag","embeddable":true,"href":"https:\/\/asielec.com.gt\/index.php?rest_route=%2Fwp%2Fv2%2Fproduct_tag&post=432"}],"curies":[{"name":"wp","href":"https:\/\/api.w.org\/{rel}","templated":true}]}}