{"id":434,"date":"2025-01-04T17:59:15","date_gmt":"2025-01-04T16:59:15","guid":{"rendered":"https:\/\/asielec.com.gt\/newsite\/?post_type=product&#038;p=434"},"modified":"2025-01-04T17:59:15","modified_gmt":"2025-01-04T16:59:15","slug":"ups-serie-pluspro-3-iso-rack","status":"publish","type":"product","link":"https:\/\/asielec.com.gt\/?product=ups-serie-pluspro-3-iso-rack","title":{"rendered":"UPS Serie PlusPRO 3 ISO Rack"},"content":{"rendered":"<p>El PlusPRO 3 Series ISO Rack 20000VA es una UPS en l\u00ednea de doble conversi\u00f3n real, combinado con 2 juegos de m\u00f3dulos UPS de 10KVA en uno, para ofrecer una capacidad de potencia de 20KVA; Se ofrece con salida de onda sinusoidal pura, tiempo de transferencia cero y capacidad mejorada. Con presentaciones para capacidades 20KVA, integrado con pantalla de cristal l\u00edquido, alto factor de potencia de salida de 0,9, rendimiento excepcional y banco de bater\u00edas externo opcional; el modelo de la serie PlusPRO 3 Series ISO Rack 20000VA se destaca como UPS en l\u00ednea de altamente eficiente durante condiciones adversas de la red el\u00e9ctrica para equipos de misi\u00f3n cr\u00edtica en centros de datos\/computadoras o aplicaciones industriales.<\/p>\n<ul>\n<li>UPS de doble conversi\u00f3n real en l\u00ednea de alto rendimiento para capacidades de 20KVA<br \/>\nBanco de bateria externo para extender el tiempo de respaldo (Opcional)<br \/>\n\u25cf\u00a0Control de velocidad de ventilador y Inicio de CC (Corriente Continua)<br \/>\n\u25cf\u00a0Controlado por un microprocesador garantiza una alta confiabilidad<br \/>\n\u25cf\u00a0Redundancia paralela N+X y expansi\u00f3n de capacidad (Opcional)<br \/>\n\u25cf\u00a0Baja disipaci\u00f3n de calor en funcionamiento prolongado<br \/>\n\u25cf\u00a0Funci\u00f3n de apagado de emergencia (EPO)<br \/>\n\u25cf\u00a0Modo de altamente eficiente (Modo ECO)<br \/>\n\u25cf\u00a0Interruptor de bypass de mantenimiento<br \/>\n\u25cf\u00a0Funci\u00f3n de autodiagn\u00f3stico autom\u00e1tico<br \/>\n\u25cf\u00a0Software de administraci\u00f3n de energ\u00eda<br \/>\n\u25cf\u00a0Regulaci\u00f3n de voltaje de salida +\/-2%<br \/>\n\u25cf\u00a0Entrada THDi&lt;5% \/ Salida THD &lt;2%<br \/>\n\u25cf\u00a0Factor de potencia de salida 0.9<br \/>\n\u25cf\u00a0Transformador de aislamiento<\/li>\n<\/ul>\n","protected":false},"excerpt":{"rendered":"<p><strong>ISO Rack, 20 kVA,<\/strong> <strong>Integrado con Transformador de Aislamiento, entrada: 208 VAC a 240 VAC, salida: 240 V \/120V.<\/strong><\/p>\n","protected":false},"featured_media":430,"comment_status":"open","ping_status":"closed","template":"","meta":{"_joinchat":[]},"product_cat":[45,46,50],"product_tag":[],"class_list":{"0":"post-434","1":"product","2":"type-product","3":"status-publish","4":"has-post-thumbnail","6":"product_cat-ups","7":"product_cat-ups-aplus","8":"product_cat-ups-para-pymes-comercio-e-industrias","10":"first","11":"instock","12":"shipping-taxable","13":"product-type-simple"},"acf":[],"_links":{"self":[{"href":"https:\/\/asielec.com.gt\/index.php?rest_route=\/wp\/v2\/product\/434","targetHints":{"allow":["GET"]}}],"collection":[{"href":"https:\/\/asielec.com.gt\/index.php?rest_route=\/wp\/v2\/product"}],"about":[{"href":"https:\/\/asielec.com.gt\/index.php?rest_route=\/wp\/v2\/types\/product"}],"replies":[{"embeddable":true,"href":"https:\/\/asielec.com.gt\/index.php?rest_route=%2Fwp%2Fv2%2Fcomments&post=434"}],"wp:featuredmedia":[{"embeddable":true,"href":"https:\/\/asielec.com.gt\/index.php?rest_route=\/wp\/v2\/media\/430"}],"wp:attachment":[{"href":"https:\/\/asielec.com.gt\/index.php?rest_route=%2Fwp%2Fv2%2Fmedia&parent=434"}],"wp:term":[{"taxonomy":"product_cat","embeddable":true,"href":"https:\/\/asielec.com.gt\/index.php?rest_route=%2Fwp%2Fv2%2Fproduct_cat&post=434"},{"taxonomy":"product_tag","embeddable":true,"href":"https:\/\/asielec.com.gt\/index.php?rest_route=%2Fwp%2Fv2%2Fproduct_tag&post=434"}],"curies":[{"name":"wp","href":"https:\/\/api.w.org\/{rel}","templated":true}]}}