{"id":436,"date":"2025-01-04T18:04:23","date_gmt":"2025-01-04T17:04:23","guid":{"rendered":"https:\/\/asielec.com.gt\/newsite\/?post_type=product&#038;p=436"},"modified":"2025-01-04T18:04:23","modified_gmt":"2025-01-04T17:04:23","slug":"ups-de-500-va-a-1000-va","status":"publish","type":"product","link":"https:\/\/asielec.com.gt\/?product=ups-de-500-va-a-1000-va","title":{"rendered":"UPS de 500 VA a 1000 VA"},"content":{"rendered":"<p>UPS interactivo de l\u00ednea de 500VA \/ 750VA \/ 1000 VA, con 8 toma corrientes NEMA 5-15 dise\u00f1ados para el hogar \/ oficina. Bater\u00edas de plomo \u00e1cido selladas internas, regulador de voltaje supresor de sobre tensiones y salidas de derivaci\u00f3n para cargas m\u00e1s grandes. Proporciona energ\u00eda continua a enrutadores WIFI, sistemas de alarma y equipos inform\u00e1ticos. Las alarmas audibles indican el funcionamiento y los niveles de bater\u00eda. Certificado por las agencias reguladoras NOM, ISO9001-2015, ISO14001, RETIE<\/p>\n","protected":false},"excerpt":{"rendered":"<p><strong>L\u00ednea R-UPR 508\/758\/1008, Interactivo<\/strong><\/p>\n","protected":false},"featured_media":437,"comment_status":"open","ping_status":"closed","template":"","meta":{"_joinchat":[]},"product_cat":[52,51],"product_tag":[],"class_list":{"0":"post-436","1":"product","2":"type-product","3":"status-publish","4":"has-post-thumbnail","6":"product_cat-proteccion-domestica-y-oficina-ups-cdp","7":"product_cat-ups-cdp","9":"first","10":"instock","11":"shipping-taxable","12":"product-type-simple"},"acf":[],"_links":{"self":[{"href":"https:\/\/asielec.com.gt\/index.php?rest_route=\/wp\/v2\/product\/436","targetHints":{"allow":["GET"]}}],"collection":[{"href":"https:\/\/asielec.com.gt\/index.php?rest_route=\/wp\/v2\/product"}],"about":[{"href":"https:\/\/asielec.com.gt\/index.php?rest_route=\/wp\/v2\/types\/product"}],"replies":[{"embeddable":true,"href":"https:\/\/asielec.com.gt\/index.php?rest_route=%2Fwp%2Fv2%2Fcomments&post=436"}],"wp:featuredmedia":[{"embeddable":true,"href":"https:\/\/asielec.com.gt\/index.php?rest_route=\/wp\/v2\/media\/437"}],"wp:attachment":[{"href":"https:\/\/asielec.com.gt\/index.php?rest_route=%2Fwp%2Fv2%2Fmedia&parent=436"}],"wp:term":[{"taxonomy":"product_cat","embeddable":true,"href":"https:\/\/asielec.com.gt\/index.php?rest_route=%2Fwp%2Fv2%2Fproduct_cat&post=436"},{"taxonomy":"product_tag","embeddable":true,"href":"https:\/\/asielec.com.gt\/index.php?rest_route=%2Fwp%2Fv2%2Fproduct_tag&post=436"}],"curies":[{"name":"wp","href":"https:\/\/api.w.org\/{rel}","templated":true}]}}