{"id":476,"date":"2025-01-10T00:46:36","date_gmt":"2025-01-09T23:46:36","guid":{"rendered":"https:\/\/asielec.com.gt\/newsite\/?post_type=product&#038;p=476"},"modified":"2025-01-10T00:46:36","modified_gmt":"2025-01-09T23:46:36","slug":"upo11-2-2000va-1800w","status":"publish","type":"product","link":"https:\/\/asielec.com.gt\/?product=upo11-2-2000va-1800w","title":{"rendered":"UPO11-2 \u2013 2000VA \/ 1800W"},"content":{"rendered":"<p>Chicago Digital Power Enterprise UPS 1000VA \/ 2000VA \/ 3000VA de torre, en l\u00ednea de doble conversi\u00f3n onda senoidal pura, factor de potencia 0.9 a la salida, bater\u00edas incorporadas y un amplio rango de voltaje de entrada de 60 Vca a 15 0Vca. Rango de frecuencia a la entrada de 40-70hz voltaje de salida seleccionable de 110 &#8211; 115 &#8211; 120 -127Vca. Frecuencia de salida 50 o 60Hz +\/-0.1Hz. Autodiagn\u00f3stico autom\u00e1tico, pantalla LCD. Elimina el 99% de los problemas el\u00e9ctricos, puertos de comunicaci\u00f3n integrados USB y RS232.<\/p>\n<p>Monitoreo local o Remoto SNMP (opcional) sensores ambientales temperatura humedad EMD (opcionales) Capacidad de conversi\u00f3n de frecuencia 60hz\/50hz. Monitoreo compatible con Windows 2000\/ 2003 \/ XP\/ vista \/ 2008 \/ 7 \/ 8 \/10 Linux y MAC.<\/p>\n<p>Soporta corto circuito con protecci\u00f3n digital el cual es m\u00e1s r\u00e1pido que los dispositivos t\u00e9rmicos. Protecci\u00f3n picos de voltaje, filtros EMI. Arranque en frio y certificaciones de agencias reguladoras internacionales como NOM, ISO9001-2015, ISO14001, RETIE.<\/p>\n<p>* Producto tambi\u00e9n disponible en 220V etiquetado con (i).<\/p>\n","protected":false},"excerpt":{"rendered":"<p>Chicago Digital Power Enterprise UPS 1000VA \/ 2000VA \/ 3000VA de torre, en l\u00ednea de doble conversi\u00f3n onda senoidal pura, factor de potencia 0.9 a la salida, bater\u00edas incorporadas y un amplio rango de voltaje de entrada de 60 Vca a 15 0Vca. Rango de frecuencia a la entrada de 40-70hz voltaje de salida seleccionable [&hellip;]<\/p>\n","protected":false},"featured_media":446,"comment_status":"open","ping_status":"closed","template":"","meta":{"_joinchat":[]},"product_cat":[45,51,54,53],"product_tag":[],"class_list":{"0":"post-476","1":"product","2":"type-product","3":"status-publish","4":"has-post-thumbnail","6":"product_cat-ups","7":"product_cat-ups-cdp","8":"product_cat-ups-monofasicos-120-vac-y-240-vac","9":"product_cat-ups-para-pymes-comercio-e-industrias-ups-cdp","11":"first","12":"instock","13":"shipping-taxable","14":"product-type-simple"},"acf":[],"_links":{"self":[{"href":"https:\/\/asielec.com.gt\/index.php?rest_route=\/wp\/v2\/product\/476","targetHints":{"allow":["GET"]}}],"collection":[{"href":"https:\/\/asielec.com.gt\/index.php?rest_route=\/wp\/v2\/product"}],"about":[{"href":"https:\/\/asielec.com.gt\/index.php?rest_route=\/wp\/v2\/types\/product"}],"replies":[{"embeddable":true,"href":"https:\/\/asielec.com.gt\/index.php?rest_route=%2Fwp%2Fv2%2Fcomments&post=476"}],"wp:featuredmedia":[{"embeddable":true,"href":"https:\/\/asielec.com.gt\/index.php?rest_route=\/wp\/v2\/media\/446"}],"wp:attachment":[{"href":"https:\/\/asielec.com.gt\/index.php?rest_route=%2Fwp%2Fv2%2Fmedia&parent=476"}],"wp:term":[{"taxonomy":"product_cat","embeddable":true,"href":"https:\/\/asielec.com.gt\/index.php?rest_route=%2Fwp%2Fv2%2Fproduct_cat&post=476"},{"taxonomy":"product_tag","embeddable":true,"href":"https:\/\/asielec.com.gt\/index.php?rest_route=%2Fwp%2Fv2%2Fproduct_tag&post=476"}],"curies":[{"name":"wp","href":"https:\/\/api.w.org\/{rel}","templated":true}]}}