{"id":484,"date":"2025-01-10T00:58:33","date_gmt":"2025-01-09T23:58:33","guid":{"rendered":"https:\/\/asielec.com.gt\/newsite\/?post_type=product&#038;p=484"},"modified":"2025-01-10T00:58:33","modified_gmt":"2025-01-09T23:58:33","slug":"upo22-6rt-upo22-10rt","status":"publish","type":"product","link":"https:\/\/asielec.com.gt\/?product=upo22-6rt-upo22-10rt","title":{"rendered":"UPO22-6RT &#8211; UPO22-10RT"},"content":{"rendered":"<p>Chicago Digital Power Enterprise 6Kva \/ 10kVA torre de rack en l\u00ednea de doble conversi\u00f3n para rack de 19 pulgadas o montaje en piso. Paralelo hasta 18 kw y 30kw y redundancia de 6 kVA y 10 kVA con cargador de bater\u00edas full power incorporado que puede ser un respaldo de bater\u00eda casi ilimitado para cargas cr\u00edticas. Rango de voltaje de entrada s\u00faper amplio y voltaje de salida seleccionable. Diagn\u00f3sticos autom\u00e1ticos completos y pantallas LCD avanzadas que brindan informaci\u00f3n operativa, as\u00ed como comunicaci\u00f3n para monitoreo\/control remoto.<\/p>\n<p>El transformador de alta frecuencia avanzado y el transformador de aislamiento reproducen una CA perfecta mientras eliminan los picos\/sobretensiones, el ruido de l\u00ednea y las fluctuaciones de voltaje. Dise\u00f1o compacto y confiable que incluye certificaciones de agencias reguladoras internacionales como CE, NOM, TUV, IEEE, UL Retie.<\/p>\n<p>UPO22-PDU 6-10k Unidad de distribuci\u00f3n de energ\u00eda (PDU) Compatible con UPO22-10RTAX<\/p>\n","protected":false},"excerpt":{"rendered":"<p>Chicago Digital Power Enterprise 6Kva \/ 10kVA torre de rack en l\u00ednea de doble conversi\u00f3n para rack de 19 pulgadas o montaje en piso. Paralelo hasta 18 kw y 30kw y redundancia de 6 kVA y 10 kVA con cargador de bater\u00edas full power incorporado que puede ser un respaldo de bater\u00eda casi ilimitado para [&hellip;]<\/p>\n","protected":false},"featured_media":455,"comment_status":"open","ping_status":"closed","template":"","meta":{"_joinchat":[]},"product_cat":[45,51,54,53],"product_tag":[],"class_list":{"0":"post-484","1":"product","2":"type-product","3":"status-publish","4":"has-post-thumbnail","6":"product_cat-ups","7":"product_cat-ups-cdp","8":"product_cat-ups-monofasicos-120-vac-y-240-vac","9":"product_cat-ups-para-pymes-comercio-e-industrias-ups-cdp","11":"first","12":"instock","13":"shipping-taxable","14":"product-type-simple"},"acf":[],"_links":{"self":[{"href":"https:\/\/asielec.com.gt\/index.php?rest_route=\/wp\/v2\/product\/484","targetHints":{"allow":["GET"]}}],"collection":[{"href":"https:\/\/asielec.com.gt\/index.php?rest_route=\/wp\/v2\/product"}],"about":[{"href":"https:\/\/asielec.com.gt\/index.php?rest_route=\/wp\/v2\/types\/product"}],"replies":[{"embeddable":true,"href":"https:\/\/asielec.com.gt\/index.php?rest_route=%2Fwp%2Fv2%2Fcomments&post=484"}],"wp:featuredmedia":[{"embeddable":true,"href":"https:\/\/asielec.com.gt\/index.php?rest_route=\/wp\/v2\/media\/455"}],"wp:attachment":[{"href":"https:\/\/asielec.com.gt\/index.php?rest_route=%2Fwp%2Fv2%2Fmedia&parent=484"}],"wp:term":[{"taxonomy":"product_cat","embeddable":true,"href":"https:\/\/asielec.com.gt\/index.php?rest_route=%2Fwp%2Fv2%2Fproduct_cat&post=484"},{"taxonomy":"product_tag","embeddable":true,"href":"https:\/\/asielec.com.gt\/index.php?rest_route=%2Fwp%2Fv2%2Fproduct_tag&post=484"}],"curies":[{"name":"wp","href":"https:\/\/api.w.org\/{rel}","templated":true}]}}