{"id":487,"date":"2025-01-10T01:05:42","date_gmt":"2025-01-10T00:05:42","guid":{"rendered":"https:\/\/asielec.com.gt\/newsite\/?post_type=product&#038;p=487"},"modified":"2025-01-10T01:05:42","modified_gmt":"2025-01-10T00:05:42","slug":"upo33-hm6-20k-a-240k","status":"publish","type":"product","link":"https:\/\/asielec.com.gt\/?product=upo33-hm6-20k-a-240k","title":{"rendered":"UPO33-HM6 (20K a 240K)"},"content":{"rendered":"<p>UPS trif\u00e1sico modular y escalable de alto rendimiento de Chicago Digital Power para centros de datos. Un solo m\u00f3dulo de energ\u00eda intercambiable en caliente en 20kVA a 208 y 40kVA 400V se aloja en este gabinete de 6 m\u00f3dulos que incluye ranuras para el reemplazo r\u00e1pido de los m\u00f3dulos de energ\u00eda en caso de un evento o para mantenimiento.<\/p>\n<p>Los UPO33-HM6 incluyen los rieles de CC para bater\u00eda y rieles de CA trif\u00e1sicos con interruptor EPO y la pantalla LCD activa con seguridad y para comunicaci\u00f3n y control remoto de toda la soluci\u00f3n. Cada UPO33-HM se puede utilizar en paralelo con hasta 6 m\u00e1s de la misma capacidad.<\/p>\n","protected":false},"excerpt":{"rendered":"<p>UPS trif\u00e1sico modular y escalable de alto rendimiento de Chicago Digital Power para centros de datos. Un solo m\u00f3dulo de energ\u00eda intercambiable en caliente en 20kVA a 208 y 40kVA 400V se aloja en este gabinete de 6 m\u00f3dulos que incluye ranuras para el reemplazo r\u00e1pido de los m\u00f3dulos de energ\u00eda en caso de un [&hellip;]<\/p>\n","protected":false},"featured_media":465,"comment_status":"open","ping_status":"closed","template":"","meta":{"_joinchat":[]},"product_cat":[45,51,53,55],"product_tag":[],"class_list":{"0":"post-487","1":"product","2":"type-product","3":"status-publish","4":"has-post-thumbnail","6":"product_cat-ups","7":"product_cat-ups-cdp","8":"product_cat-ups-para-pymes-comercio-e-industrias-ups-cdp","9":"product_cat-ups-trifasicos","11":"first","12":"instock","13":"shipping-taxable","14":"product-type-simple"},"acf":[],"_links":{"self":[{"href":"https:\/\/asielec.com.gt\/index.php?rest_route=\/wp\/v2\/product\/487","targetHints":{"allow":["GET"]}}],"collection":[{"href":"https:\/\/asielec.com.gt\/index.php?rest_route=\/wp\/v2\/product"}],"about":[{"href":"https:\/\/asielec.com.gt\/index.php?rest_route=\/wp\/v2\/types\/product"}],"replies":[{"embeddable":true,"href":"https:\/\/asielec.com.gt\/index.php?rest_route=%2Fwp%2Fv2%2Fcomments&post=487"}],"wp:featuredmedia":[{"embeddable":true,"href":"https:\/\/asielec.com.gt\/index.php?rest_route=\/wp\/v2\/media\/465"}],"wp:attachment":[{"href":"https:\/\/asielec.com.gt\/index.php?rest_route=%2Fwp%2Fv2%2Fmedia&parent=487"}],"wp:term":[{"taxonomy":"product_cat","embeddable":true,"href":"https:\/\/asielec.com.gt\/index.php?rest_route=%2Fwp%2Fv2%2Fproduct_cat&post=487"},{"taxonomy":"product_tag","embeddable":true,"href":"https:\/\/asielec.com.gt\/index.php?rest_route=%2Fwp%2Fv2%2Fproduct_tag&post=487"}],"curies":[{"name":"wp","href":"https:\/\/api.w.org\/{rel}","templated":true}]}}