{"id":488,"date":"2025-01-10T01:06:55","date_gmt":"2025-01-10T00:06:55","guid":{"rendered":"https:\/\/asielec.com.gt\/newsite\/?post_type=product&#038;p=488"},"modified":"2025-01-10T01:06:55","modified_gmt":"2025-01-10T00:06:55","slug":"upo33-hm3ax","status":"publish","type":"product","link":"https:\/\/asielec.com.gt\/?product=upo33-hm3ax","title":{"rendered":"UPO33-HM3AX"},"content":{"rendered":"<ul>\n<li>Doble conversi\u00f3n en l\u00ednea.<\/li>\n<li>La tecnolog\u00eda DSP garantiza un alto rendimiento.<\/li>\n<li>LCD de 10&#8243; para informaci\u00f3n completa del UPS.<\/li>\n<li>Correcci\u00f3n activa del factor de potencia.<\/li>\n<li>Modo convertidor de frecuencia 50Hz \/ 60Hz<\/li>\n<li>Operaci\u00f3n en modo ECO para ahorro de energ\u00eda (ECO)<\/li>\n<li>Funci\u00f3n de apagado de emergencia (EPO)<\/li>\n<li>Compatible con generadores.<\/li>\n<li>SNMP + USB comunicaciones m\u00faltiples.<\/li>\n<li>Dise\u00f1o de carga extendible de 3 etapas para un rendimiento\u00a0\u00a0 optimizado de la bater\u00eda.<\/li>\n<li>Bypass de mantenimiento.<\/li>\n<\/ul>\n","protected":false},"excerpt":{"rendered":"<p>Doble conversi\u00f3n en l\u00ednea. La tecnolog\u00eda DSP garantiza un alto rendimiento. LCD de 10&#8243; para informaci\u00f3n completa del UPS. Correcci\u00f3n activa del factor de potencia. Modo convertidor de frecuencia 50Hz \/ 60Hz Operaci\u00f3n en modo ECO para ahorro de energ\u00eda (ECO) Funci\u00f3n de apagado de emergencia (EPO) Compatible con generadores. SNMP + USB comunicaciones m\u00faltiples. [&hellip;]<\/p>\n","protected":false},"featured_media":462,"comment_status":"open","ping_status":"closed","template":"","meta":{"_joinchat":[]},"product_cat":[45,51,53,55],"product_tag":[],"class_list":{"0":"post-488","1":"product","2":"type-product","3":"status-publish","4":"has-post-thumbnail","6":"product_cat-ups","7":"product_cat-ups-cdp","8":"product_cat-ups-para-pymes-comercio-e-industrias-ups-cdp","9":"product_cat-ups-trifasicos","11":"first","12":"instock","13":"shipping-taxable","14":"product-type-simple"},"acf":[],"_links":{"self":[{"href":"https:\/\/asielec.com.gt\/index.php?rest_route=\/wp\/v2\/product\/488","targetHints":{"allow":["GET"]}}],"collection":[{"href":"https:\/\/asielec.com.gt\/index.php?rest_route=\/wp\/v2\/product"}],"about":[{"href":"https:\/\/asielec.com.gt\/index.php?rest_route=\/wp\/v2\/types\/product"}],"replies":[{"embeddable":true,"href":"https:\/\/asielec.com.gt\/index.php?rest_route=%2Fwp%2Fv2%2Fcomments&post=488"}],"wp:featuredmedia":[{"embeddable":true,"href":"https:\/\/asielec.com.gt\/index.php?rest_route=\/wp\/v2\/media\/462"}],"wp:attachment":[{"href":"https:\/\/asielec.com.gt\/index.php?rest_route=%2Fwp%2Fv2%2Fmedia&parent=488"}],"wp:term":[{"taxonomy":"product_cat","embeddable":true,"href":"https:\/\/asielec.com.gt\/index.php?rest_route=%2Fwp%2Fv2%2Fproduct_cat&post=488"},{"taxonomy":"product_tag","embeddable":true,"href":"https:\/\/asielec.com.gt\/index.php?rest_route=%2Fwp%2Fv2%2Fproduct_tag&post=488"}],"curies":[{"name":"wp","href":"https:\/\/api.w.org\/{rel}","templated":true}]}}