{"id":489,"date":"2025-01-10T01:08:12","date_gmt":"2025-01-10T00:08:12","guid":{"rendered":"https:\/\/asielec.com.gt\/newsite\/?post_type=product&#038;p=489"},"modified":"2025-01-10T01:08:12","modified_gmt":"2025-01-10T00:08:12","slug":"upo33-10hfax-upo33-20hfax-upo33-30hfax-upo33-40hfax-upo33-60hfax","status":"publish","type":"product","link":"https:\/\/asielec.com.gt\/?product=upo33-10hfax-upo33-20hfax-upo33-30hfax-upo33-40hfax-upo33-60hfax","title":{"rendered":"UPO33-10HFAX, UPO33-20HFAX, UPO33-30HFAX, UPO33-40HFAX,  UPO33-60HFAX"},"content":{"rendered":"<p>Una potente y compacta salida trif\u00e1sica de 10 KVA \/ 20KVA \/ 30KVA \/ 40KVA \/ 60KVA en 3 fases que es escalable \/ redundante y avanzada de doble conversi\u00f3n On line UPS. Con componentes interiores de nivel uno y microprocesadores DSP que dan como resultado un UPS seriamente poderoso y confiable para las cargas m\u00e1s cr\u00edticas y sensibles. Junto con diagn\u00f3sticos autom\u00e1ticos y pantallas LCD avanzadas que brindan informaci\u00f3n operativa, as\u00ed como comunicaci\u00f3n para monitoreo y control remoto.<\/p>\n<p>&nbsp;<\/p>\n<p>El transformador de alta frecuencia reproduce 208\/220VCA perfectos eliminando picos, ruido de l\u00ednea o fluctuaciones de voltaje independientemente de los problemas de voltaje de entrada. Dise\u00f1o compacto y confiable que incluye certificaciones de agencias reguladoras internacionales como NOM, ISO9001, ISO14001, RETIE, CE, UL1778, FCC, IEC\/EN 62040-1, IEC\/EN62040-2, IEC\/EN 60950-1, IEC61000-4-2, IEC61000-4-3, IEC61000-4-4, IEC61000-4-5, IEC61000-4-6, IEC61000-4-8<\/p>\n","protected":false},"excerpt":{"rendered":"<p>Una potente y compacta salida trif\u00e1sica de 10 KVA \/ 20KVA \/ 30KVA \/ 40KVA \/ 60KVA en 3 fases que es escalable \/ redundante y avanzada de doble conversi\u00f3n On line UPS. Con componentes interiores de nivel uno y microprocesadores DSP que dan como resultado un UPS seriamente poderoso y confiable para las cargas [&hellip;]<\/p>\n","protected":false},"featured_media":460,"comment_status":"open","ping_status":"closed","template":"","meta":{"_joinchat":[]},"product_cat":[45,51,53,55],"product_tag":[],"class_list":{"0":"post-489","1":"product","2":"type-product","3":"status-publish","4":"has-post-thumbnail","6":"product_cat-ups","7":"product_cat-ups-cdp","8":"product_cat-ups-para-pymes-comercio-e-industrias-ups-cdp","9":"product_cat-ups-trifasicos","11":"first","12":"instock","13":"shipping-taxable","14":"product-type-simple"},"acf":[],"_links":{"self":[{"href":"https:\/\/asielec.com.gt\/index.php?rest_route=\/wp\/v2\/product\/489","targetHints":{"allow":["GET"]}}],"collection":[{"href":"https:\/\/asielec.com.gt\/index.php?rest_route=\/wp\/v2\/product"}],"about":[{"href":"https:\/\/asielec.com.gt\/index.php?rest_route=\/wp\/v2\/types\/product"}],"replies":[{"embeddable":true,"href":"https:\/\/asielec.com.gt\/index.php?rest_route=%2Fwp%2Fv2%2Fcomments&post=489"}],"wp:featuredmedia":[{"embeddable":true,"href":"https:\/\/asielec.com.gt\/index.php?rest_route=\/wp\/v2\/media\/460"}],"wp:attachment":[{"href":"https:\/\/asielec.com.gt\/index.php?rest_route=%2Fwp%2Fv2%2Fmedia&parent=489"}],"wp:term":[{"taxonomy":"product_cat","embeddable":true,"href":"https:\/\/asielec.com.gt\/index.php?rest_route=%2Fwp%2Fv2%2Fproduct_cat&post=489"},{"taxonomy":"product_tag","embeddable":true,"href":"https:\/\/asielec.com.gt\/index.php?rest_route=%2Fwp%2Fv2%2Fproduct_tag&post=489"}],"curies":[{"name":"wp","href":"https:\/\/api.w.org\/{rel}","templated":true}]}}