{"id":495,"date":"2025-01-10T01:15:01","date_gmt":"2025-01-10T00:15:01","guid":{"rendered":"https:\/\/asielec.com.gt\/newsite\/?post_type=product&#038;p=495"},"modified":"2025-01-10T01:15:39","modified_gmt":"2025-01-10T00:15:39","slug":"ups-nova-750-1200va-linea-interactiva","status":"publish","type":"product","link":"https:\/\/asielec.com.gt\/?product=ups-nova-750-1200va-linea-interactiva","title":{"rendered":"UPS NOVA 750 &#8211; 1200VA, l\u00ednea interactiva"},"content":{"rendered":"<p>Sistema de Alimentaci\u00f3n Ininterrumpido (UPS\/SAI) de tecnolog\u00eda interactiva que incluye regulador de voltaje interno para ampliar el rango de entrada de operaci\u00f3n y minimizar el uso de las bater\u00edas. Ofrece protecci\u00f3n completa contra todos los problemas que puede presentar la red el\u00e9ctrica.<br \/>\nDisponible en 120Vac<\/p>\n<p><strong>Incluye:<br \/>\n<\/strong>&#8211; Regulaci\u00f3n de Tensi\u00f3n Incorporada<br \/>\n&#8211; Control mediante microprocesador<br \/>\n&#8211; Protecci\u00f3n El\u00e9ctrica Total<br \/>\n&#8211; Protecci\u00f3n RJ45<br \/>\n&#8211; Respaldo de bater\u00edas<br \/>\n&#8211; Auto-recuperaci\u00f3n<br \/>\n&#8211; Arranque en fr\u00edo<br \/>\n&#8211; \u00a0Puerto de Comunicaci\u00f3n: USB (Modelo 1200VA)<\/p>\n","protected":false},"excerpt":{"rendered":"<p>Sistema de Alimentaci\u00f3n Ininterrumpido (UPS\/SAI) de tecnolog\u00eda interactiva que incluye regulador de voltaje interno para ampliar el rango de entrada de operaci\u00f3n y minimizar el uso de las bater\u00edas. Ofrece protecci\u00f3n completa contra todos los problemas que puede presentar la red el\u00e9ctrica. Disponible en 120Vac Incluye: &#8211; Regulaci\u00f3n de Tensi\u00f3n Incorporada &#8211; Control mediante microprocesador [&hellip;]<\/p>\n","protected":false},"featured_media":492,"comment_status":"open","ping_status":"closed","template":"","meta":{"_joinchat":[]},"product_cat":[58,45,57],"product_tag":[],"class_list":{"0":"post-495","1":"product","2":"type-product","3":"status-publish","4":"has-post-thumbnail","6":"product_cat-proteccion-domestica-y-oficina-ups-xmart","7":"product_cat-ups","8":"product_cat-ups-xmart","10":"first","11":"instock","12":"shipping-taxable","13":"product-type-simple"},"acf":[],"_links":{"self":[{"href":"https:\/\/asielec.com.gt\/index.php?rest_route=\/wp\/v2\/product\/495","targetHints":{"allow":["GET"]}}],"collection":[{"href":"https:\/\/asielec.com.gt\/index.php?rest_route=\/wp\/v2\/product"}],"about":[{"href":"https:\/\/asielec.com.gt\/index.php?rest_route=\/wp\/v2\/types\/product"}],"replies":[{"embeddable":true,"href":"https:\/\/asielec.com.gt\/index.php?rest_route=%2Fwp%2Fv2%2Fcomments&post=495"}],"wp:featuredmedia":[{"embeddable":true,"href":"https:\/\/asielec.com.gt\/index.php?rest_route=\/wp\/v2\/media\/492"}],"wp:attachment":[{"href":"https:\/\/asielec.com.gt\/index.php?rest_route=%2Fwp%2Fv2%2Fmedia&parent=495"}],"wp:term":[{"taxonomy":"product_cat","embeddable":true,"href":"https:\/\/asielec.com.gt\/index.php?rest_route=%2Fwp%2Fv2%2Fproduct_cat&post=495"},{"taxonomy":"product_tag","embeddable":true,"href":"https:\/\/asielec.com.gt\/index.php?rest_route=%2Fwp%2Fv2%2Fproduct_tag&post=495"}],"curies":[{"name":"wp","href":"https:\/\/api.w.org\/{rel}","templated":true}]}}