{"id":497,"date":"2025-01-10T01:32:39","date_gmt":"2025-01-10T00:32:39","guid":{"rendered":"https:\/\/asielec.com.gt\/newsite\/?post_type=product&#038;p=497"},"modified":"2025-01-10T01:33:11","modified_gmt":"2025-01-10T00:33:11","slug":"optima-rt9w-1k-3k","status":"publish","type":"product","link":"https:\/\/asielec.com.gt\/?product=optima-rt9w-1k-3k","title":{"rendered":"OPTIMA RT9W 1K &#8211; 3K"},"content":{"rendered":"<p>Sistema de Alimentaci\u00f3n Ininterrumpido (UPS\/SAI) de tecnolog\u00eda \u201cOnline de Doble Conversi\u00f3n\u201d de dise\u00f1o robusto que ofrece sofisticadas prestaciones y novedosas caracter\u00edsticas. Con tecnolog\u00eda IGBT en el rectificador y en el inversor. Dise\u00f1ado para ofrecer la mejor protecci\u00f3n a sistemas cr\u00edticos y de alta disponibilidad. Disponible en 120Vac, 220Vac y 230Vac. Dise\u00f1ado para montaje en formato vertical (tipo torre) o en rack de 19\u201d.<\/p>\n<p><strong>Incluye:<\/strong><br \/>\n&#8211; Tecnolog\u00eda Online de doble conversi\u00f3n, con PF 0.9<br \/>\n&#8211; Tecnolog\u00eda IGBT en rectificador e inversor,<br \/>\n&#8211; Control mediante microprocesador que garantiza un alto rendimiento y confiabilidad,<br \/>\n&#8211; Protecci\u00f3n total: Seguridad electr\u00f3nica contra cortocircuitos, filtro de supresi\u00f3n de picos de alta capacidad, etc.<br \/>\n&#8211; Cargador inteligente de bater\u00edas de 3 etapas.<br \/>\n&#8211; Compatible con fuentes de alimentaci\u00f3n auxiliares (generadores)<br \/>\n&#8211; Pantalla LCD giratoria para montaje dual Rack\/Torre,<br \/>\n&#8211; Todos los modelos (1K, 2K y 3K) en m\u00f3dulos de 2U de altura (incluyen electr\u00f3nica y bater\u00edas)<br \/>\n&#8211; Bater\u00edas reemplazables en caliente,<br \/>\n&#8211; Auto-recuperaci\u00f3n y Arranque en fr\u00edo,<br \/>\n&#8211; Puerto de comunicaci\u00f3n: USB \/ RS232 \/ SNMP.<br \/>\n&#8211; Incorpora conexi\u00f3n para bater\u00edas externas adicionales<\/p>\n","protected":false},"excerpt":{"rendered":"<p>Sistema de Alimentaci\u00f3n Ininterrumpido (UPS\/SAI) de tecnolog\u00eda \u201cOnline de Doble Conversi\u00f3n\u201d de dise\u00f1o robusto que ofrece sofisticadas prestaciones y novedosas caracter\u00edsticas. Con tecnolog\u00eda IGBT en el rectificador y en el inversor. Dise\u00f1ado para ofrecer la mejor protecci\u00f3n a sistemas cr\u00edticos y de alta disponibilidad. Disponible en 120Vac, 220Vac y 230Vac. Dise\u00f1ado para montaje en formato [&hellip;]<\/p>\n","protected":false},"featured_media":499,"comment_status":"open","ping_status":"closed","template":"","meta":{"_joinchat":[]},"product_cat":[45,62,61,57],"product_tag":[],"class_list":{"0":"post-497","1":"product","2":"type-product","3":"status-publish","4":"has-post-thumbnail","6":"product_cat-ups","7":"product_cat-ups-monofasicos-120-vac-y-240-vac-ups-para-pymes-comercio-e-industrias-ups-xmart","8":"product_cat-ups-para-pymes-comercio-e-industrias-ups-xmart","9":"product_cat-ups-xmart","11":"first","12":"instock","13":"shipping-taxable","14":"product-type-simple"},"acf":[],"_links":{"self":[{"href":"https:\/\/asielec.com.gt\/index.php?rest_route=\/wp\/v2\/product\/497","targetHints":{"allow":["GET"]}}],"collection":[{"href":"https:\/\/asielec.com.gt\/index.php?rest_route=\/wp\/v2\/product"}],"about":[{"href":"https:\/\/asielec.com.gt\/index.php?rest_route=\/wp\/v2\/types\/product"}],"replies":[{"embeddable":true,"href":"https:\/\/asielec.com.gt\/index.php?rest_route=%2Fwp%2Fv2%2Fcomments&post=497"}],"wp:featuredmedia":[{"embeddable":true,"href":"https:\/\/asielec.com.gt\/index.php?rest_route=\/wp\/v2\/media\/499"}],"wp:attachment":[{"href":"https:\/\/asielec.com.gt\/index.php?rest_route=%2Fwp%2Fv2%2Fmedia&parent=497"}],"wp:term":[{"taxonomy":"product_cat","embeddable":true,"href":"https:\/\/asielec.com.gt\/index.php?rest_route=%2Fwp%2Fv2%2Fproduct_cat&post=497"},{"taxonomy":"product_tag","embeddable":true,"href":"https:\/\/asielec.com.gt\/index.php?rest_route=%2Fwp%2Fv2%2Fproduct_tag&post=497"}],"curies":[{"name":"wp","href":"https:\/\/api.w.org\/{rel}","templated":true}]}}