{"id":516,"date":"2025-01-10T01:43:31","date_gmt":"2025-01-10T00:43:31","guid":{"rendered":"https:\/\/asielec.com.gt\/newsite\/?post_type=product&#038;p=516"},"modified":"2025-01-10T01:43:31","modified_gmt":"2025-01-10T00:43:31","slug":"optima-t09w-6k-10k","status":"publish","type":"product","link":"https:\/\/asielec.com.gt\/?product=optima-t09w-6k-10k","title":{"rendered":"OPTIMA T09W 6K &#8211; 10K"},"content":{"rendered":"<p>Sistema de Alimentaci\u00f3n Ininterrumpido (UPS\/SAI) de tecnolog\u00eda \u201cOnline de Doble Conversi\u00f3n\u201d de dise\u00f1o robusto que ofrece sofisticadas prestaciones y novedosas caracter\u00edsticas. Con tecnolog\u00eda IGBT en el rectificador y en el inversor. Dise\u00f1ado para ofrecer la mejor protecci\u00f3n a sistemas cr\u00edticos y de alta disponibilidad. Disponible en versi\u00f3n monof\u00e1sica de entrada y salida. Modelos para 120Vac y 230Vac. La versi\u00f3n en 120Vac mediante transformador de aislamiento (ISOTX) en la salida.<\/p>\n<p><strong>Incluye:<\/strong><br \/>\n&#8211; Tecnolog\u00eda Online de doble conversi\u00f3n 1Ph \/ 1Ph,<br \/>\n&#8211; Factor de potencia mejorado a 0.9,<br \/>\n&#8211; Versiones para trabajar en 120V y en 220-230V,<br \/>\n&#8211; Control mediante microprocesador. Incluye tecnolog\u00eda DSP para asegurar alto rendimiento y confiabilidad,<br \/>\n&#8211; Tecnolog\u00eda IGBT en etapas de rectificaci\u00f3n e inversi\u00f3n,<br \/>\n&#8211; Compatibilidad con generadores el\u00e9ctricos<br \/>\n&#8211; Protecci\u00f3n el\u00e9ctrica total,<br \/>\n&#8211; Respaldo de bater\u00edas,<br \/>\n&#8211; Auto-recuperaci\u00f3n y Arranque en fr\u00edo,<br \/>\n&#8211; Puerto de comunicaci\u00f3n: USB \/ RS232 \/ SNMP.<br \/>\n&#8211; Conector incorporado para bater\u00edas externas adicionales<\/p>\n","protected":false},"excerpt":{"rendered":"<p>Sistema de Alimentaci\u00f3n Ininterrumpido (UPS\/SAI) de tecnolog\u00eda \u201cOnline de Doble Conversi\u00f3n\u201d de dise\u00f1o robusto que ofrece sofisticadas prestaciones y novedosas caracter\u00edsticas. Con tecnolog\u00eda IGBT en el rectificador y en el inversor. Dise\u00f1ado para ofrecer la mejor protecci\u00f3n a sistemas cr\u00edticos y de alta disponibilidad. Disponible en versi\u00f3n monof\u00e1sica de entrada y salida. Modelos para 120Vac [&hellip;]<\/p>\n","protected":false},"featured_media":504,"comment_status":"open","ping_status":"closed","template":"","meta":{"_joinchat":[]},"product_cat":[45,62,61,57],"product_tag":[],"class_list":{"0":"post-516","1":"product","2":"type-product","3":"status-publish","4":"has-post-thumbnail","6":"product_cat-ups","7":"product_cat-ups-monofasicos-120-vac-y-240-vac-ups-para-pymes-comercio-e-industrias-ups-xmart","8":"product_cat-ups-para-pymes-comercio-e-industrias-ups-xmart","9":"product_cat-ups-xmart","11":"first","12":"instock","13":"shipping-taxable","14":"product-type-simple"},"acf":[],"_links":{"self":[{"href":"https:\/\/asielec.com.gt\/index.php?rest_route=\/wp\/v2\/product\/516","targetHints":{"allow":["GET"]}}],"collection":[{"href":"https:\/\/asielec.com.gt\/index.php?rest_route=\/wp\/v2\/product"}],"about":[{"href":"https:\/\/asielec.com.gt\/index.php?rest_route=\/wp\/v2\/types\/product"}],"replies":[{"embeddable":true,"href":"https:\/\/asielec.com.gt\/index.php?rest_route=%2Fwp%2Fv2%2Fcomments&post=516"}],"wp:featuredmedia":[{"embeddable":true,"href":"https:\/\/asielec.com.gt\/index.php?rest_route=\/wp\/v2\/media\/504"}],"wp:attachment":[{"href":"https:\/\/asielec.com.gt\/index.php?rest_route=%2Fwp%2Fv2%2Fmedia&parent=516"}],"wp:term":[{"taxonomy":"product_cat","embeddable":true,"href":"https:\/\/asielec.com.gt\/index.php?rest_route=%2Fwp%2Fv2%2Fproduct_cat&post=516"},{"taxonomy":"product_tag","embeddable":true,"href":"https:\/\/asielec.com.gt\/index.php?rest_route=%2Fwp%2Fv2%2Fproduct_tag&post=516"}],"curies":[{"name":"wp","href":"https:\/\/api.w.org\/{rel}","templated":true}]}}