{"id":517,"date":"2025-01-10T01:44:24","date_gmt":"2025-01-10T00:44:24","guid":{"rendered":"https:\/\/asielec.com.gt\/newsite\/?post_type=product&#038;p=517"},"modified":"2025-01-10T01:44:24","modified_gmt":"2025-01-10T00:44:24","slug":"optima-rt10-6k-10k","status":"publish","type":"product","link":"https:\/\/asielec.com.gt\/?product=optima-rt10-6k-10k","title":{"rendered":"OPTIMA RT10 6K &#8211; 10K"},"content":{"rendered":"<p>Sistema de Alimentaci\u00f3n Ininterrumpido (UPS\/SAI) de tecnolog\u00eda \u00abOnline de Doble Conversi\u00f3n\u00bb de dise\u00f1o robusto que ofrece sofisticadas prestaciones y novedosas caracter\u00edsticas. Con tecnolog\u00eda IGBT en el rectificador y en el inversor. Dise\u00f1ado para ofrecer la mejor protecci\u00f3n a sistemas cr\u00edticos y de alta disponibilidad. Disponible en 120Vac, 220Vac y 230Vac. Factor de Salida PF = 1.0. Dise\u00f1ado para montaje en formato vertical (tipo torre) o en rack de 19&#8243;. Todos los modelos son capaces de conectarse en paralelo hasta un m\u00e1ximo de 3 unidades. Con certificaci\u00f3n CE para modelos en 220V y 230V y certificaciones UL1778 y CSA C22.2 en 120V.<\/p>\n<p><strong>Incluye:<\/strong><br \/>\n&#8211; Tecnolog\u00eda Online de doble conversi\u00f3n, con PF 1.0<br \/>\n&#8211; Tecnolog\u00eda IGBT en rectificador e inversor,<br \/>\n&#8211; Control mediante microprocesador y tecnolog\u00eda DSP que garantiza un alto rendimiento y confiabilidad,<br \/>\n&#8211; Funci\u00f3n para conexi\u00f3n paralela de hasta 3 UPS para aumentar capacidad y seguridad,<br \/>\n&#8211; Protecci\u00f3n total: Seguridad electr\u00f3nica contra cortocircuitos, filtro de supresi\u00f3n de picos de alta capacidad, etc.<br \/>\n&#8211; Cargador inteligente de bater\u00edas de 3 etapas y compensaci\u00f3n por temperatura.<br \/>\n&#8211; Compatible con fuentes de alimentaci\u00f3n auxiliares (generadores)<br \/>\n&#8211; Pantalla LCD giratoria para montaje dual Rack\/Torre,<br \/>\n&#8211; Bater\u00edas reemplazables en caliente,<br \/>\n&#8211; Auto-recuperaci\u00f3n, Arranque en fr\u00edo y parada de Emergencia EPO,<br \/>\n&#8211; Puerto de comunicaci\u00f3n: USB \/ RS232 \/ SNMP.<br \/>\n&#8211; Incorpora conexi\u00f3n para bater\u00edas externas adicionales<\/p>\n","protected":false},"excerpt":{"rendered":"<p>Sistema de Alimentaci\u00f3n Ininterrumpido (UPS\/SAI) de tecnolog\u00eda \u00abOnline de Doble Conversi\u00f3n\u00bb de dise\u00f1o robusto que ofrece sofisticadas prestaciones y novedosas caracter\u00edsticas. Con tecnolog\u00eda IGBT en el rectificador y en el inversor. Dise\u00f1ado para ofrecer la mejor protecci\u00f3n a sistemas cr\u00edticos y de alta disponibilidad. Disponible en 120Vac, 220Vac y 230Vac. Factor de Salida PF = [&hellip;]<\/p>\n","protected":false},"featured_media":507,"comment_status":"open","ping_status":"closed","template":"","meta":{"_joinchat":[]},"product_cat":[45,62,61,57],"product_tag":[],"class_list":{"0":"post-517","1":"product","2":"type-product","3":"status-publish","4":"has-post-thumbnail","6":"product_cat-ups","7":"product_cat-ups-monofasicos-120-vac-y-240-vac-ups-para-pymes-comercio-e-industrias-ups-xmart","8":"product_cat-ups-para-pymes-comercio-e-industrias-ups-xmart","9":"product_cat-ups-xmart","11":"first","12":"instock","13":"shipping-taxable","14":"product-type-simple"},"acf":[],"_links":{"self":[{"href":"https:\/\/asielec.com.gt\/index.php?rest_route=\/wp\/v2\/product\/517","targetHints":{"allow":["GET"]}}],"collection":[{"href":"https:\/\/asielec.com.gt\/index.php?rest_route=\/wp\/v2\/product"}],"about":[{"href":"https:\/\/asielec.com.gt\/index.php?rest_route=\/wp\/v2\/types\/product"}],"replies":[{"embeddable":true,"href":"https:\/\/asielec.com.gt\/index.php?rest_route=%2Fwp%2Fv2%2Fcomments&post=517"}],"wp:featuredmedia":[{"embeddable":true,"href":"https:\/\/asielec.com.gt\/index.php?rest_route=\/wp\/v2\/media\/507"}],"wp:attachment":[{"href":"https:\/\/asielec.com.gt\/index.php?rest_route=%2Fwp%2Fv2%2Fmedia&parent=517"}],"wp:term":[{"taxonomy":"product_cat","embeddable":true,"href":"https:\/\/asielec.com.gt\/index.php?rest_route=%2Fwp%2Fv2%2Fproduct_cat&post=517"},{"taxonomy":"product_tag","embeddable":true,"href":"https:\/\/asielec.com.gt\/index.php?rest_route=%2Fwp%2Fv2%2Fproduct_tag&post=517"}],"curies":[{"name":"wp","href":"https:\/\/api.w.org\/{rel}","templated":true}]}}