{"id":519,"date":"2025-01-10T01:47:37","date_gmt":"2025-01-10T00:47:37","guid":{"rendered":"https:\/\/asielec.com.gt\/newsite\/?post_type=product&#038;p=519"},"modified":"2025-01-10T01:47:51","modified_gmt":"2025-01-10T00:47:51","slug":"optima-33-t10-10k-40k-208v-20k-80k-400v-480v","status":"publish","type":"product","link":"https:\/\/asielec.com.gt\/?product=optima-33-t10-10k-40k-208v-20k-80k-400v-480v","title":{"rendered":"OPTIMA-33-T10 10K-40K (208V) \/ 20K-80K (400V &#038; 480V)"},"content":{"rendered":"<p>Sistema de Alimentaci\u00f3n Ininterrumpido (UPS\/SAI) de tecnolog\u00eda \u201cOnline de Doble Conversi\u00f3n\u201d con entrada trif\u00e1sica \/ salida trif\u00e1sica y factor de potencia 1.0. De dise\u00f1o robusto que ofrece sofisticadas prestaciones y novedosas caracter\u00edsticas. Con tecnolog\u00eda IGBT en el rectificador y en el inversor. Dise\u00f1ado para ofrecer la mejor protecci\u00f3n a sistemas cr\u00edticos y de alta disponibilidad. Conexi\u00f3n y operaci\u00f3n en paralelo hasta 3 unidades, disponibles de f\u00e1brica.<\/p>\n<p><strong>Incluye:<\/strong><br \/>\n&#8211; Capacidades en 208\/120V: 10K\/20K\/30K\/40K<br \/>\n&#8211; Capacidades en 400\/230V: 20K\/30K\/40K\/60K\/80K<br \/>\n&#8211; Capacidades en 480\/277V: 20K\/30K\/40K\/60K\/80K<br \/>\n&#8211; Tecnolog\u00eda Online de doble conversi\u00f3n,<br \/>\n&#8211; Control mediante microprocesador. Incluye tecnolog\u00eda DSP para asegurar alto rendimiento y confiabilidad,<br \/>\n&#8211; Tecnolog\u00eda IGBT en etapas de rectificaci\u00f3n e inversi\u00f3n<br \/>\n&#8211; Operaci\u00f3n en paralelo de hasta 3 UPS para crecer en capacidad o para ofrecer redundancia, incluida de f\u00e1brica.<br \/>\n&#8211; Compatibilidad con generadores el\u00e9ctricos<br \/>\n&#8211; Protecci\u00f3n el\u00e9ctrica total: Seguridad electr\u00f3nica contra cortocircuitos, supresi\u00f3n de picos de alta capacidad, etc.<br \/>\n&#8211; Autorrecuperaci\u00f3n y Arranque en fr\u00edo,<br \/>\n&#8211; Puerto de comunicaci\u00f3n: USB \/ RS232 \/ SNMP.<br \/>\n&#8211; Posibilidad de conexi\u00f3n para bater\u00edas externas, para cumplir con las aplicaciones m\u00e1s exigentes.<\/p>\n","protected":false},"excerpt":{"rendered":"<p>Sistema de Alimentaci\u00f3n Ininterrumpido (UPS\/SAI) de tecnolog\u00eda \u201cOnline de Doble Conversi\u00f3n\u201d con entrada trif\u00e1sica \/ salida trif\u00e1sica y factor de potencia 1.0. De dise\u00f1o robusto que ofrece sofisticadas prestaciones y novedosas caracter\u00edsticas. Con tecnolog\u00eda IGBT en el rectificador y en el inversor. Dise\u00f1ado para ofrecer la mejor protecci\u00f3n a sistemas cr\u00edticos y de alta disponibilidad. [&hellip;]<\/p>\n","protected":false},"featured_media":511,"comment_status":"open","ping_status":"closed","template":"","meta":{"_joinchat":[]},"product_cat":[45,61,63,57],"product_tag":[],"class_list":{"0":"post-519","1":"product","2":"type-product","3":"status-publish","4":"has-post-thumbnail","6":"product_cat-ups","7":"product_cat-ups-para-pymes-comercio-e-industrias-ups-xmart","8":"product_cat-ups-trifasicos-ups-para-pymes-comercio-e-industrias-ups-xmart","9":"product_cat-ups-xmart","11":"first","12":"instock","13":"shipping-taxable","14":"product-type-simple"},"acf":[],"_links":{"self":[{"href":"https:\/\/asielec.com.gt\/index.php?rest_route=\/wp\/v2\/product\/519","targetHints":{"allow":["GET"]}}],"collection":[{"href":"https:\/\/asielec.com.gt\/index.php?rest_route=\/wp\/v2\/product"}],"about":[{"href":"https:\/\/asielec.com.gt\/index.php?rest_route=\/wp\/v2\/types\/product"}],"replies":[{"embeddable":true,"href":"https:\/\/asielec.com.gt\/index.php?rest_route=%2Fwp%2Fv2%2Fcomments&post=519"}],"wp:featuredmedia":[{"embeddable":true,"href":"https:\/\/asielec.com.gt\/index.php?rest_route=\/wp\/v2\/media\/511"}],"wp:attachment":[{"href":"https:\/\/asielec.com.gt\/index.php?rest_route=%2Fwp%2Fv2%2Fmedia&parent=519"}],"wp:term":[{"taxonomy":"product_cat","embeddable":true,"href":"https:\/\/asielec.com.gt\/index.php?rest_route=%2Fwp%2Fv2%2Fproduct_cat&post=519"},{"taxonomy":"product_tag","embeddable":true,"href":"https:\/\/asielec.com.gt\/index.php?rest_route=%2Fwp%2Fv2%2Fproduct_tag&post=519"}],"curies":[{"name":"wp","href":"https:\/\/api.w.org\/{rel}","templated":true}]}}