{"id":521,"date":"2025-01-10T01:51:34","date_gmt":"2025-01-10T00:51:34","guid":{"rendered":"https:\/\/asielec.com.gt\/newsite\/?post_type=product&#038;p=521"},"modified":"2025-01-10T01:51:34","modified_gmt":"2025-01-10T00:51:34","slug":"modpro-33-208v-400v-480v","status":"publish","type":"product","link":"https:\/\/asielec.com.gt\/?product=modpro-33-208v-400v-480v","title":{"rendered":"MODPRO-33 (208V, 400V &#038; 480V)"},"content":{"rendered":"<p>Sistema de Alimentaci\u00f3n Ininterrumpido (UPS\/SAI) de dise\u00f1o modular. De tecnolog\u00eda IGBT \u201cOnline de Doble Conversi\u00f3n\u201d con entrada trif\u00e1sica y salida trif\u00e1sica. Dise\u00f1ado para ofrecer la mejor protecci\u00f3n a sistemas cr\u00edticos y de alta disponibilidad. El sistema se compone de m\u00f3dulos de potencia y de bater\u00edas que pueden ser a\u00f1adidos y removidos en caliente. El dise\u00f1o modular permite crecimiento gradual y redundancia N+X.<\/p>\n<p>Incluye:<br \/>\n&#8211; Tecnolog\u00eda Online de doble conversi\u00f3n,<br \/>\n&#8211; Control mediante microprocesador. Incluye tecnolog\u00eda DSP para asegurar alto rendimiento y confiabilidad,<br \/>\n&#8211; Tecnolog\u00eda IGBT en etapas de rectificaci\u00f3n e inversi\u00f3n,<br \/>\n&#8211; Versiones con entrada y salida trif\u00e1sicas en: 208\/120V, 380\/220V y 480V.<br \/>\n&#8211; Disponible en 3 tama\u00f1os de armario: Small, 30U y 42U,<br \/>\n&#8211; Los m\u00f3dulos de potencia se conectan en paralelo, en caliente, para aumentar capacidad y seguridad,<br \/>\n&#8211; Los m\u00f3dulos de bater\u00edas pueden conectarse o reemplazarse en caliente, sin apagar el UPS<br \/>\n&#8211; Compatibilidad con generadores el\u00e9ctricos,<br \/>\n&#8211; Protecci\u00f3n el\u00e9ctrica total,<br \/>\n&#8211; Auto-recuperaci\u00f3n y Cold-Start<br \/>\n&#8211; Alta eficiencia energ\u00e9tica<\/p>\n","protected":false},"excerpt":{"rendered":"<p>Sistema de Alimentaci\u00f3n Ininterrumpido (UPS\/SAI) de dise\u00f1o modular. De tecnolog\u00eda IGBT \u201cOnline de Doble Conversi\u00f3n\u201d con entrada trif\u00e1sica y salida trif\u00e1sica. Dise\u00f1ado para ofrecer la mejor protecci\u00f3n a sistemas cr\u00edticos y de alta disponibilidad. El sistema se compone de m\u00f3dulos de potencia y de bater\u00edas que pueden ser a\u00f1adidos y removidos en caliente. El dise\u00f1o [&hellip;]<\/p>\n","protected":false},"featured_media":514,"comment_status":"open","ping_status":"closed","template":"","meta":{"_joinchat":[]},"product_cat":[45,61,63,57],"product_tag":[],"class_list":{"0":"post-521","1":"product","2":"type-product","3":"status-publish","4":"has-post-thumbnail","6":"product_cat-ups","7":"product_cat-ups-para-pymes-comercio-e-industrias-ups-xmart","8":"product_cat-ups-trifasicos-ups-para-pymes-comercio-e-industrias-ups-xmart","9":"product_cat-ups-xmart","11":"first","12":"instock","13":"shipping-taxable","14":"product-type-simple"},"acf":[],"_links":{"self":[{"href":"https:\/\/asielec.com.gt\/index.php?rest_route=\/wp\/v2\/product\/521","targetHints":{"allow":["GET"]}}],"collection":[{"href":"https:\/\/asielec.com.gt\/index.php?rest_route=\/wp\/v2\/product"}],"about":[{"href":"https:\/\/asielec.com.gt\/index.php?rest_route=\/wp\/v2\/types\/product"}],"replies":[{"embeddable":true,"href":"https:\/\/asielec.com.gt\/index.php?rest_route=%2Fwp%2Fv2%2Fcomments&post=521"}],"wp:featuredmedia":[{"embeddable":true,"href":"https:\/\/asielec.com.gt\/index.php?rest_route=\/wp\/v2\/media\/514"}],"wp:attachment":[{"href":"https:\/\/asielec.com.gt\/index.php?rest_route=%2Fwp%2Fv2%2Fmedia&parent=521"}],"wp:term":[{"taxonomy":"product_cat","embeddable":true,"href":"https:\/\/asielec.com.gt\/index.php?rest_route=%2Fwp%2Fv2%2Fproduct_cat&post=521"},{"taxonomy":"product_tag","embeddable":true,"href":"https:\/\/asielec.com.gt\/index.php?rest_route=%2Fwp%2Fv2%2Fproduct_tag&post=521"}],"curies":[{"name":"wp","href":"https:\/\/api.w.org\/{rel}","templated":true}]}}