{"id":532,"date":"2025-01-10T02:26:24","date_gmt":"2025-01-10T01:26:24","guid":{"rendered":"https:\/\/asielec.com.gt\/newsite\/?post_type=product&#038;p=532"},"modified":"2025-01-10T02:26:24","modified_gmt":"2025-01-10T01:26:24","slug":"electrodo-50cc","status":"publish","type":"product","link":"https:\/\/asielec.com.gt\/?product=electrodo-50cc","title":{"rendered":"ELECTRODO 50CC"},"content":{"rendered":"<p>Sistema de puesta a tierra LD-50, capacidad de 50 A, dise\u00f1o \u00fanico patentado con mayor \u00e1rea de contacto, su concepci\u00f3n electromagn\u00e9tica permite otorgar seguridad, calidad, continuidad y eficiencia a todo equipo o sistema conectado a la red el\u00e9ctrica. Incluye Filtro LCR.<\/p>\n","protected":false},"excerpt":{"rendered":"<p>Sistema de puesta a tierra LD-50, capacidad de 50 A, dise\u00f1o \u00fanico patentado con mayor \u00e1rea de contacto, su concepci\u00f3n electromagn\u00e9tica permite otorgar seguridad, calidad, continuidad y eficiencia a todo equipo o sistema conectado a la red el\u00e9ctrica. Incluye Filtro LCR.<\/p>\n","protected":false},"featured_media":533,"comment_status":"open","ping_status":"closed","template":"","meta":{"_joinchat":[]},"product_cat":[65],"product_tag":[],"class_list":{"0":"post-532","1":"product","2":"type-product","3":"status-publish","4":"has-post-thumbnail","6":"product_cat-sistema-de-tierra-fisica","8":"first","9":"instock","10":"shipping-taxable","11":"product-type-simple"},"acf":[],"_links":{"self":[{"href":"https:\/\/asielec.com.gt\/index.php?rest_route=\/wp\/v2\/product\/532","targetHints":{"allow":["GET"]}}],"collection":[{"href":"https:\/\/asielec.com.gt\/index.php?rest_route=\/wp\/v2\/product"}],"about":[{"href":"https:\/\/asielec.com.gt\/index.php?rest_route=\/wp\/v2\/types\/product"}],"replies":[{"embeddable":true,"href":"https:\/\/asielec.com.gt\/index.php?rest_route=%2Fwp%2Fv2%2Fcomments&post=532"}],"wp:featuredmedia":[{"embeddable":true,"href":"https:\/\/asielec.com.gt\/index.php?rest_route=\/wp\/v2\/media\/533"}],"wp:attachment":[{"href":"https:\/\/asielec.com.gt\/index.php?rest_route=%2Fwp%2Fv2%2Fmedia&parent=532"}],"wp:term":[{"taxonomy":"product_cat","embeddable":true,"href":"https:\/\/asielec.com.gt\/index.php?rest_route=%2Fwp%2Fv2%2Fproduct_cat&post=532"},{"taxonomy":"product_tag","embeddable":true,"href":"https:\/\/asielec.com.gt\/index.php?rest_route=%2Fwp%2Fv2%2Fproduct_tag&post=532"}],"curies":[{"name":"wp","href":"https:\/\/api.w.org\/{rel}","templated":true}]}}