{"id":553,"date":"2025-01-10T02:49:57","date_gmt":"2025-01-10T01:49:57","guid":{"rendered":"https:\/\/asielec.com.gt\/newsite\/?post_type=product&#038;p=553"},"modified":"2025-01-10T02:49:57","modified_gmt":"2025-01-10T01:49:57","slug":"regulador-de-1800va-serie-r-avr-1808-120-v","status":"publish","type":"product","link":"https:\/\/asielec.com.gt\/?product=regulador-de-1800va-serie-r-avr-1808-120-v","title":{"rendered":"Regulador de 1800VA, serie R-AVR 1808, 120 V"},"content":{"rendered":"<p>Voltaje autom\u00e1tico de 1800 VA regular con potente supresor de sobretensi\u00f3n incorporado y 8 toma corrientes NEMA 5-15 montados en la parte superior con 4 regulados y 4 solo con sobretensi\u00f3n. Protecci\u00f3n de interruptor de encendido \/ apagado y carcasa de pl\u00e1stico anti-flama para su seguridad.<\/p>\n","protected":false},"excerpt":{"rendered":"<p>Voltaje autom\u00e1tico de 1800 VA regular con potente supresor de sobretensi\u00f3n incorporado y 8 toma corrientes NEMA 5-15 montados en la parte superior con 4 regulados y 4 solo con sobretensi\u00f3n. Protecci\u00f3n de interruptor de encendido \/ apagado y carcasa de pl\u00e1stico anti-flama para su seguridad.<\/p>\n","protected":false},"featured_media":550,"comment_status":"open","ping_status":"closed","template":"","meta":{"_joinchat":[]},"product_cat":[67,33],"product_tag":[],"class_list":{"0":"post-553","1":"product","2":"type-product","3":"status-publish","4":"has-post-thumbnail","6":"product_cat-reguladores-cdp","7":"product_cat-reguladores-de-voltaje","9":"first","10":"instock","11":"shipping-taxable","12":"product-type-simple"},"acf":[],"_links":{"self":[{"href":"https:\/\/asielec.com.gt\/index.php?rest_route=\/wp\/v2\/product\/553","targetHints":{"allow":["GET"]}}],"collection":[{"href":"https:\/\/asielec.com.gt\/index.php?rest_route=\/wp\/v2\/product"}],"about":[{"href":"https:\/\/asielec.com.gt\/index.php?rest_route=\/wp\/v2\/types\/product"}],"replies":[{"embeddable":true,"href":"https:\/\/asielec.com.gt\/index.php?rest_route=%2Fwp%2Fv2%2Fcomments&post=553"}],"wp:featuredmedia":[{"embeddable":true,"href":"https:\/\/asielec.com.gt\/index.php?rest_route=\/wp\/v2\/media\/550"}],"wp:attachment":[{"href":"https:\/\/asielec.com.gt\/index.php?rest_route=%2Fwp%2Fv2%2Fmedia&parent=553"}],"wp:term":[{"taxonomy":"product_cat","embeddable":true,"href":"https:\/\/asielec.com.gt\/index.php?rest_route=%2Fwp%2Fv2%2Fproduct_cat&post=553"},{"taxonomy":"product_tag","embeddable":true,"href":"https:\/\/asielec.com.gt\/index.php?rest_route=%2Fwp%2Fv2%2Fproduct_tag&post=553"}],"curies":[{"name":"wp","href":"https:\/\/api.w.org\/{rel}","templated":true}]}}