{"id":560,"date":"2025-01-10T02:56:59","date_gmt":"2025-01-10T01:56:59","guid":{"rendered":"https:\/\/asielec.com.gt\/newsite\/?post_type=product&#038;p=560"},"modified":"2025-01-10T02:56:59","modified_gmt":"2025-01-10T01:56:59","slug":"paneles-solares-jinko","status":"publish","type":"product","link":"https:\/\/asielec.com.gt\/?product=paneles-solares-jinko","title":{"rendered":"Paneles Solares Jinko"},"content":{"rendered":"<p>Panel Monocristalino de gama alta 470wp<\/p>\n<p>25 a\u00f1os de capacidad de absorci\u00f3n solar al 100%, despu\u00e9s la capacidad de absorci\u00f3n solar baja a 80%.<\/p>\n<p>Alta durabilidad y resistencia a condiciones clim\u00e1ticas severas.<\/p>\n","protected":false},"excerpt":{"rendered":"<p>Panel Monocristalino de gama alta 470wp 25 a\u00f1os de capacidad de absorci\u00f3n solar al 100%, despu\u00e9s la capacidad de absorci\u00f3n solar baja a 80%. Alta durabilidad y resistencia a condiciones clim\u00e1ticas severas.<\/p>\n","protected":false},"featured_media":559,"comment_status":"open","ping_status":"closed","template":"","meta":{"_joinchat":[]},"product_cat":[69],"product_tag":[],"class_list":{"0":"post-560","1":"product","2":"type-product","3":"status-publish","4":"has-post-thumbnail","6":"product_cat-paneles-solares","8":"first","9":"instock","10":"shipping-taxable","11":"product-type-simple"},"acf":[],"_links":{"self":[{"href":"https:\/\/asielec.com.gt\/index.php?rest_route=\/wp\/v2\/product\/560","targetHints":{"allow":["GET"]}}],"collection":[{"href":"https:\/\/asielec.com.gt\/index.php?rest_route=\/wp\/v2\/product"}],"about":[{"href":"https:\/\/asielec.com.gt\/index.php?rest_route=\/wp\/v2\/types\/product"}],"replies":[{"embeddable":true,"href":"https:\/\/asielec.com.gt\/index.php?rest_route=%2Fwp%2Fv2%2Fcomments&post=560"}],"wp:featuredmedia":[{"embeddable":true,"href":"https:\/\/asielec.com.gt\/index.php?rest_route=\/wp\/v2\/media\/559"}],"wp:attachment":[{"href":"https:\/\/asielec.com.gt\/index.php?rest_route=%2Fwp%2Fv2%2Fmedia&parent=560"}],"wp:term":[{"taxonomy":"product_cat","embeddable":true,"href":"https:\/\/asielec.com.gt\/index.php?rest_route=%2Fwp%2Fv2%2Fproduct_cat&post=560"},{"taxonomy":"product_tag","embeddable":true,"href":"https:\/\/asielec.com.gt\/index.php?rest_route=%2Fwp%2Fv2%2Fproduct_tag&post=560"}],"curies":[{"name":"wp","href":"https:\/\/api.w.org\/{rel}","templated":true}]}}