{"id":562,"date":"2025-01-10T03:02:12","date_gmt":"2025-01-10T02:02:12","guid":{"rendered":"https:\/\/asielec.com.gt\/newsite\/?post_type=product&#038;p=562"},"modified":"2025-01-10T03:02:12","modified_gmt":"2025-01-10T02:02:12","slug":"inversor-xv-712-cd-ac-12vdc-120vac","status":"publish","type":"product","link":"https:\/\/asielec.com.gt\/?product=inversor-xv-712-cd-ac-12vdc-120vac","title":{"rendered":"Inversor XV-712, CD \/ AC, 12VDC \/ 120VAC"},"content":{"rendered":"<p>El UPS \/ INVERSOR \/ CARGADOR de corriente port\u00e1til de 12 VDC a 12VCA de Chicago Digital Power con transferencia autom\u00e1tica (funci\u00f3n UPS\/Inversor) es perfecto para alimentar cajeros autom\u00e1ticos, sistemas de alarma, sistemas POS, sistemas de vigilancia, c\u00e1maras, enrutadores POE y computadoras durante d\u00edas, si es necesario, despu\u00e9s de un apag\u00f3n.<\/p>\n<p>El dise\u00f1o compacto de potencia tambi\u00e9n puede operar herramientas, interruptores de apertura de puertas de garaje, bombas de agua de las bater\u00edas cargadas, se puede usar para cargar bater\u00edas automotrices.<\/p>\n<p>Con dos puertos de carga USB de 3 amperios (tipo A y tipo C) y una pantalla LCD que brindan informaci\u00f3n de los niveles de voltaje y frecuencia de la bater\u00eda.<\/p>\n","protected":false},"excerpt":{"rendered":"<p>El UPS \/ INVERSOR \/ CARGADOR de corriente port\u00e1til de 12 VDC a 12VCA de Chicago Digital Power con transferencia autom\u00e1tica (funci\u00f3n UPS\/Inversor) es perfecto para alimentar cajeros autom\u00e1ticos, sistemas de alarma, sistemas POS, sistemas de vigilancia, c\u00e1maras, enrutadores POE y computadoras durante d\u00edas, si es necesario, despu\u00e9s de un apag\u00f3n. El dise\u00f1o compacto de [&hellip;]<\/p>\n","protected":false},"featured_media":561,"comment_status":"open","ping_status":"closed","template":"","meta":{"_joinchat":[]},"product_cat":[70,71,75],"product_tag":[],"class_list":{"0":"post-562","1":"product","2":"type-product","3":"status-publish","4":"has-post-thumbnail","6":"product_cat-inversores","7":"product_cat-inversores-cdp","8":"product_cat-proteccion-domestica-y-oficina-inversores-cdp","10":"first","11":"instock","12":"shipping-taxable","13":"product-type-simple"},"acf":[],"_links":{"self":[{"href":"https:\/\/asielec.com.gt\/index.php?rest_route=\/wp\/v2\/product\/562","targetHints":{"allow":["GET"]}}],"collection":[{"href":"https:\/\/asielec.com.gt\/index.php?rest_route=\/wp\/v2\/product"}],"about":[{"href":"https:\/\/asielec.com.gt\/index.php?rest_route=\/wp\/v2\/types\/product"}],"replies":[{"embeddable":true,"href":"https:\/\/asielec.com.gt\/index.php?rest_route=%2Fwp%2Fv2%2Fcomments&post=562"}],"wp:featuredmedia":[{"embeddable":true,"href":"https:\/\/asielec.com.gt\/index.php?rest_route=\/wp\/v2\/media\/561"}],"wp:attachment":[{"href":"https:\/\/asielec.com.gt\/index.php?rest_route=%2Fwp%2Fv2%2Fmedia&parent=562"}],"wp:term":[{"taxonomy":"product_cat","embeddable":true,"href":"https:\/\/asielec.com.gt\/index.php?rest_route=%2Fwp%2Fv2%2Fproduct_cat&post=562"},{"taxonomy":"product_tag","embeddable":true,"href":"https:\/\/asielec.com.gt\/index.php?rest_route=%2Fwp%2Fv2%2Fproduct_tag&post=562"}],"curies":[{"name":"wp","href":"https:\/\/api.w.org\/{rel}","templated":true}]}}