{"id":570,"date":"2025-01-10T03:05:21","date_gmt":"2025-01-10T02:05:21","guid":{"rendered":"https:\/\/asielec.com.gt\/newsite\/?post_type=product&#038;p=570"},"modified":"2025-01-10T03:05:21","modified_gmt":"2025-01-10T02:05:21","slug":"inversor-solar-es-6048solax-de-6000va-120v","status":"publish","type":"product","link":"https:\/\/asielec.com.gt\/?product=inversor-solar-es-6048solax-de-6000va-120v","title":{"rendered":"Inversor Solar ES-6048SOLAX de 6000VA, 120V"},"content":{"rendered":"<p>La serie ES-SOLAX combina las funciones de Inversor, cargador de bater\u00edas tanto en AC como en Solar para ofrecer soporte de energ\u00eda ininterrumpida en un solo equipo.<\/p>\n<p>La pantalla LCD integrada ofrece operaciones de botones configurables por el usuario y de f\u00e1cil acceso, como la corriente de carga de la bater\u00eda, la prioridad de carga de CA o solar, y el voltaje de entrada aceptable seg\u00fan las diferentes aplicaciones.<\/p>\n","protected":false},"excerpt":{"rendered":"<p>La serie ES-SOLAX combina las funciones de Inversor, cargador de bater\u00edas tanto en AC como en Solar para ofrecer soporte de energ\u00eda ininterrumpida en un solo equipo. La pantalla LCD integrada ofrece operaciones de botones configurables por el usuario y de f\u00e1cil acceso, como la corriente de carga de la bater\u00eda, la prioridad de carga [&hellip;]<\/p>\n","protected":false},"featured_media":566,"comment_status":"open","ping_status":"closed","template":"","meta":{"_joinchat":[]},"product_cat":[70,76],"product_tag":[],"class_list":{"0":"post-570","1":"product","2":"type-product","3":"status-publish","4":"has-post-thumbnail","6":"product_cat-inversores","7":"product_cat-proteccion-pymes","9":"first","10":"instock","11":"shipping-taxable","12":"product-type-simple"},"acf":[],"_links":{"self":[{"href":"https:\/\/asielec.com.gt\/index.php?rest_route=\/wp\/v2\/product\/570","targetHints":{"allow":["GET"]}}],"collection":[{"href":"https:\/\/asielec.com.gt\/index.php?rest_route=\/wp\/v2\/product"}],"about":[{"href":"https:\/\/asielec.com.gt\/index.php?rest_route=\/wp\/v2\/types\/product"}],"replies":[{"embeddable":true,"href":"https:\/\/asielec.com.gt\/index.php?rest_route=%2Fwp%2Fv2%2Fcomments&post=570"}],"wp:featuredmedia":[{"embeddable":true,"href":"https:\/\/asielec.com.gt\/index.php?rest_route=\/wp\/v2\/media\/566"}],"wp:attachment":[{"href":"https:\/\/asielec.com.gt\/index.php?rest_route=%2Fwp%2Fv2%2Fmedia&parent=570"}],"wp:term":[{"taxonomy":"product_cat","embeddable":true,"href":"https:\/\/asielec.com.gt\/index.php?rest_route=%2Fwp%2Fv2%2Fproduct_cat&post=570"},{"taxonomy":"product_tag","embeddable":true,"href":"https:\/\/asielec.com.gt\/index.php?rest_route=%2Fwp%2Fv2%2Fproduct_tag&post=570"}],"curies":[{"name":"wp","href":"https:\/\/api.w.org\/{rel}","templated":true}]}}