{"id":582,"date":"2025-01-10T03:12:40","date_gmt":"2025-01-10T02:12:40","guid":{"rendered":"https:\/\/asielec.com.gt\/newsite\/?post_type=product&#038;p=582"},"modified":"2025-01-10T03:12:52","modified_gmt":"2025-01-10T02:12:52","slug":"inversor-inverter-3000-va-5000-va","status":"publish","type":"product","link":"https:\/\/asielec.com.gt\/?product=inversor-inverter-3000-va-5000-va","title":{"rendered":"Inversor Inverter 3000 VA \u2013 5000 VA"},"content":{"rendered":"<p>Salida sinusoidal pura, alta potencia y alta eficiencia. La combinaci\u00f3n de tecnolog\u00eda de alta frecuencia y frecuencia de l\u00ednea garantizan lo mejor de los dos mundos.<\/p>\n<p>SinusMax -Dise\u00f1o superior<\/p>\n<p>Desarrollada para uso profesional, nuestra gama de inversores es ideal para innumerables aplicaciones. El criterio utilizado en su dise\u00f1o fue el de producir un verdadero inversor sinusoidal con una eficiencia optimizada, pero sin comprometer su rendimiento. Al utilizar tecnolog\u00eda h\u00edbrida de alta frecuencia, obtenemos como resultado un producto de la mayor calidad, de dimensiones compactas, ligero y capaz de suministrar electricidad, sin problemas, a cualquier carga.<\/p>\n<p>Funcionamiento en paralelo y en trif\u00e1sico<br \/>\nSe pueden conectar hasta 6 inversores en paralelo para alcanzar una mayor potencia de salida. Seis unidades 24 V\/5000 VA, por ejemplo, proporcionar\u00e1n 24 kW\/30 KVA de potencia de salida.<\/p>\n","protected":false},"excerpt":{"rendered":"<p>Salida sinusoidal pura, alta potencia y alta eficiencia. La combinaci\u00f3n de tecnolog\u00eda de alta frecuencia y frecuencia de l\u00ednea garantizan lo mejor de los dos mundos. SinusMax -Dise\u00f1o superior Desarrollada para uso profesional, nuestra gama de inversores es ideal para innumerables aplicaciones. El criterio utilizado en su dise\u00f1o fue el de producir un verdadero inversor [&hellip;]<\/p>\n","protected":false},"featured_media":575,"comment_status":"open","ping_status":"closed","template":"","meta":{"_joinchat":[]},"product_cat":[70,72],"product_tag":[],"class_list":{"0":"post-582","1":"product","2":"type-product","3":"status-publish","4":"has-post-thumbnail","6":"product_cat-inversores","7":"product_cat-inversores-victron-energy","9":"first","10":"instock","11":"shipping-taxable","12":"product-type-simple"},"acf":[],"_links":{"self":[{"href":"https:\/\/asielec.com.gt\/index.php?rest_route=\/wp\/v2\/product\/582","targetHints":{"allow":["GET"]}}],"collection":[{"href":"https:\/\/asielec.com.gt\/index.php?rest_route=\/wp\/v2\/product"}],"about":[{"href":"https:\/\/asielec.com.gt\/index.php?rest_route=\/wp\/v2\/types\/product"}],"replies":[{"embeddable":true,"href":"https:\/\/asielec.com.gt\/index.php?rest_route=%2Fwp%2Fv2%2Fcomments&post=582"}],"wp:featuredmedia":[{"embeddable":true,"href":"https:\/\/asielec.com.gt\/index.php?rest_route=\/wp\/v2\/media\/575"}],"wp:attachment":[{"href":"https:\/\/asielec.com.gt\/index.php?rest_route=%2Fwp%2Fv2%2Fmedia&parent=582"}],"wp:term":[{"taxonomy":"product_cat","embeddable":true,"href":"https:\/\/asielec.com.gt\/index.php?rest_route=%2Fwp%2Fv2%2Fproduct_cat&post=582"},{"taxonomy":"product_tag","embeddable":true,"href":"https:\/\/asielec.com.gt\/index.php?rest_route=%2Fwp%2Fv2%2Fproduct_tag&post=582"}],"curies":[{"name":"wp","href":"https:\/\/api.w.org\/{rel}","templated":true}]}}