{"id":585,"date":"2025-01-10T03:15:53","date_gmt":"2025-01-10T02:15:53","guid":{"rendered":"https:\/\/asielec.com.gt\/newsite\/?post_type=product&#038;p=585"},"modified":"2025-01-10T03:15:53","modified_gmt":"2025-01-10T02:15:53","slug":"smartsolar-mppt-150-35-150-45","status":"publish","type":"product","link":"https:\/\/asielec.com.gt\/?product=smartsolar-mppt-150-35-150-45","title":{"rendered":"SmartSolar MPPT 150\/35 &#038; 150\/45"},"content":{"rendered":"<p>Los cargadores solares recogen energ\u00eda de sus paneles solares y la almacenan en sus bater\u00edas. Utilizando la tecnolog\u00eda m\u00e1s r\u00e1pida y novedosa, el SmartSolar maximiza esta recogida de energ\u00eda, gestion\u00e1ndola de forma inteligente para alcanzar la carga m\u00e1xima en el menor tiempo posible. El SmartSolar cuida de la salud de la bater\u00eda, ampliando su vida \u00fatil.<\/p>\n<p>El controlador de carga SmartSolar recargar\u00e1 hasta una bater\u00eda extremadamente agotada. Puede funcionar con una tensi\u00f3n de bater\u00eda de hasta 0 voltios, siempre que las celdas no est\u00e9n sulfatadas o da\u00f1adas de forma permanente.<\/p>\n","protected":false},"excerpt":{"rendered":"<p>Los cargadores solares recogen energ\u00eda de sus paneles solares y la almacenan en sus bater\u00edas. Utilizando la tecnolog\u00eda m\u00e1s r\u00e1pida y novedosa, el SmartSolar maximiza esta recogida de energ\u00eda, gestion\u00e1ndola de forma inteligente para alcanzar la carga m\u00e1xima en el menor tiempo posible. El SmartSolar cuida de la salud de la bater\u00eda, ampliando su vida [&hellip;]<\/p>\n","protected":false},"featured_media":579,"comment_status":"open","ping_status":"closed","template":"","meta":{"_joinchat":[]},"product_cat":[70,72],"product_tag":[],"class_list":{"0":"post-585","1":"product","2":"type-product","3":"status-publish","4":"has-post-thumbnail","6":"product_cat-inversores","7":"product_cat-inversores-victron-energy","9":"first","10":"instock","11":"shipping-taxable","12":"product-type-simple"},"acf":[],"_links":{"self":[{"href":"https:\/\/asielec.com.gt\/index.php?rest_route=\/wp\/v2\/product\/585","targetHints":{"allow":["GET"]}}],"collection":[{"href":"https:\/\/asielec.com.gt\/index.php?rest_route=\/wp\/v2\/product"}],"about":[{"href":"https:\/\/asielec.com.gt\/index.php?rest_route=\/wp\/v2\/types\/product"}],"replies":[{"embeddable":true,"href":"https:\/\/asielec.com.gt\/index.php?rest_route=%2Fwp%2Fv2%2Fcomments&post=585"}],"wp:featuredmedia":[{"embeddable":true,"href":"https:\/\/asielec.com.gt\/index.php?rest_route=\/wp\/v2\/media\/579"}],"wp:attachment":[{"href":"https:\/\/asielec.com.gt\/index.php?rest_route=%2Fwp%2Fv2%2Fmedia&parent=585"}],"wp:term":[{"taxonomy":"product_cat","embeddable":true,"href":"https:\/\/asielec.com.gt\/index.php?rest_route=%2Fwp%2Fv2%2Fproduct_cat&post=585"},{"taxonomy":"product_tag","embeddable":true,"href":"https:\/\/asielec.com.gt\/index.php?rest_route=%2Fwp%2Fv2%2Fproduct_tag&post=585"}],"curies":[{"name":"wp","href":"https:\/\/api.w.org\/{rel}","templated":true}]}}