{"id":590,"date":"2025-01-10T03:17:34","date_gmt":"2025-01-10T02:17:34","guid":{"rendered":"https:\/\/asielec.com.gt\/newsite\/?post_type=product&#038;p=590"},"modified":"2025-01-10T03:17:49","modified_gmt":"2025-01-10T02:17:49","slug":"inversor-modelo-xbu-sw-lcd-inverter-1k-2k","status":"publish","type":"product","link":"https:\/\/asielec.com.gt\/?product=inversor-modelo-xbu-sw-lcd-inverter-1k-2k","title":{"rendered":"Inversor modelo XBU-SW-LCD INVERTER 1K\/2K"},"content":{"rendered":"<p>Inversor con salida sinusoidal con cargador de bater\u00edas interno de alta capacidad (hasta 20A). Es la soluci\u00f3n perfecta para operar bien como inversor o bien como UPS\/SAI de larga autonom\u00eda, cuando cuenta con bater\u00edas externas de alta capacidad.<br \/>\nPor su gran capacidad de manejo de altas corrientes pico y por su salida sinusoidal en modo bater\u00eda, es ideal para aplicaciones de todo tipo: sistemas inform\u00e1ticos, electrodom\u00e9sticos, cargas basadas en motores el\u00e9ctricos como refrigeradores, taladros, etc.<br \/>\n100% compatible para operar en conjunto con todos los UPS online de XMART.<br \/>\nDisponible en 120Vac<\/p>\n<p><strong>Incluye:<\/strong><br \/>\n&#8211; Moderna Pantalla LCD<br \/>\n&#8211; Puertos USB y RS232 incluidos<br \/>\n&#8211; Dise\u00f1o robusto y confiable<br \/>\n&#8211; Voltajes de Bater\u00edas: 12VDC, 24VDC y 36VDC, seg\u00fan modelo<br \/>\n&#8211; Versiones con voltaje de entrada 120Vac \/ 220Vac<br \/>\n&#8211; Cargador interno de alta capacidad (hasta 20A)<br \/>\n&#8211; Capaz de manejar cargas de todo tipo<br \/>\n&#8211; Instalaci\u00f3n horizontal o montaje en pared<br \/>\n&#8211; Opciones de tomacorrientes de salida seg\u00fan pa\u00eds (NEMA, IEC, SCHUKO, etc.)<\/p>\n","protected":false},"excerpt":{"rendered":"<p>Inversor con salida sinusoidal con cargador de bater\u00edas interno de alta capacidad (hasta 20A). Es la soluci\u00f3n perfecta para operar bien como inversor o bien como UPS\/SAI de larga autonom\u00eda, cuando cuenta con bater\u00edas externas de alta capacidad. Por su gran capacidad de manejo de altas corrientes pico y por su salida sinusoidal en modo [&hellip;]<\/p>\n","protected":false},"featured_media":586,"comment_status":"open","ping_status":"closed","template":"","meta":{"_joinchat":[]},"product_cat":[70,73],"product_tag":[],"class_list":{"0":"post-590","1":"product","2":"type-product","3":"status-publish","4":"has-post-thumbnail","6":"product_cat-inversores","7":"product_cat-inversores-xmart","9":"first","10":"instock","11":"shipping-taxable","12":"product-type-simple"},"acf":[],"_links":{"self":[{"href":"https:\/\/asielec.com.gt\/index.php?rest_route=\/wp\/v2\/product\/590","targetHints":{"allow":["GET"]}}],"collection":[{"href":"https:\/\/asielec.com.gt\/index.php?rest_route=\/wp\/v2\/product"}],"about":[{"href":"https:\/\/asielec.com.gt\/index.php?rest_route=\/wp\/v2\/types\/product"}],"replies":[{"embeddable":true,"href":"https:\/\/asielec.com.gt\/index.php?rest_route=%2Fwp%2Fv2%2Fcomments&post=590"}],"wp:featuredmedia":[{"embeddable":true,"href":"https:\/\/asielec.com.gt\/index.php?rest_route=\/wp\/v2\/media\/586"}],"wp:attachment":[{"href":"https:\/\/asielec.com.gt\/index.php?rest_route=%2Fwp%2Fv2%2Fmedia&parent=590"}],"wp:term":[{"taxonomy":"product_cat","embeddable":true,"href":"https:\/\/asielec.com.gt\/index.php?rest_route=%2Fwp%2Fv2%2Fproduct_cat&post=590"},{"taxonomy":"product_tag","embeddable":true,"href":"https:\/\/asielec.com.gt\/index.php?rest_route=%2Fwp%2Fv2%2Fproduct_tag&post=590"}],"curies":[{"name":"wp","href":"https:\/\/api.w.org\/{rel}","templated":true}]}}